{"id":563,"date":"2019-02-28T01:01:02","date_gmt":"2019-02-28T01:01:02","guid":{"rendered":"https:\/\/www.capacitacionkeila.com\/site\/?page_id=563"},"modified":"2022-08-05T08:53:49","modified_gmt":"2022-08-05T15:53:49","slug":"maquinaria","status":"publish","type":"page","link":"https:\/\/capacitacionkeila.com\/site\/maquinaria\/","title":{"rendered":"Maquinaria"},"content":{"rendered":"<p>[et_pb_section fb_built=\u00bb1&#8243; _builder_version=\u00bb4.2.2&#8243; background_image=\u00bbhttps:\/\/www.capacitacionkeila.com\/site\/wp-content\/uploads\/2019\/01\/montacargas20.jpg\u00bb parallax=\u00bbon\u00bb parallax_method=\u00bboff\u00bb custom_padding=\u00bb200px|0px|200px|0px|true|false\u00bb top_divider_color=\u00bb#2c2c2c\u00bb top_divider_height_tablet=\u00bb\u00bb top_divider_height_phone=\u00bb25px\u00bb top_divider_height_last_edited=\u00bbon|phone\u00bb bottom_divider_height_tablet=\u00bb\u00bb bottom_divider_height_phone=\u00bb25px\u00bb bottom_divider_height_last_edited=\u00bbon|phone\u00bb][et_pb_row _builder_version=\u00bb3.25&#8243;][et_pb_column type=\u00bb4_4&#8243; _builder_version=\u00bb3.25&#8243; custom_padding=\u00bb|||\u00bb custom_padding__hover=\u00bb|||\u00bb][\/et_pb_column][\/et_pb_row][\/et_pb_section][et_pb_section fb_built=\u00bb1&#8243; _builder_version=\u00bb3.22.3&#8243; custom_padding=\u00bb0|0px|0|0px|false|false\u00bb][et_pb_row module_class=\u00bbcenteredcolumns\u00bb _builder_version=\u00bb3.25&#8243; width=\u00bb50%\u00bb max_width=\u00bb50%\u00bb module_alignment=\u00bbcenter\u00bb custom_padding=\u00bb26.65625px|0px|0|0px|false|false\u00bb use_custom_width=\u00bbon\u00bb width_unit=\u00bboff\u00bb custom_width_percent=\u00bb50%\u00bb][et_pb_column type=\u00bb4_4&#8243; _builder_version=\u00bb3.25&#8243; custom_padding=\u00bb|||\u00bb custom_padding__hover=\u00bb|||\u00bb][et_pb_blurb title=\u00bb@ET-DC@eyJkeW5hbWljIjp0cnVlLCJjb250ZW50IjoicG9zdF90aXRsZSIsInNldHRpbmdzIjp7ImJlZm9yZSI6IiIsImFmdGVyIjoiIn19@\u00bb _builder_version=\u00bb4.2.2&#8243; _dynamic_attributes=\u00bbtitle\u00bb header_font=\u00bb|700||on|||||\u00bb header_text_align=\u00bbcenter\u00bb header_text_color=\u00bb#000000&#8243; header_font_size=\u00bb35px\u00bb custom_margin=\u00bb||\u00bb][\/et_pb_blurb][\/et_pb_column][\/et_pb_row][et_pb_row _builder_version=\u00bb4.2.2&#8243; width=\u00bb98%\u00bb max_width=\u00bb98%\u00bb module_alignment=\u00bbcenter\u00bb use_custom_width=\u00bbon\u00bb width_unit=\u00bboff\u00bb custom_width_percent=\u00bb98%\u00bb][et_pb_column type=\u00bb4_4&#8243; _builder_version=\u00bb3.25&#8243; custom_padding=\u00bb|||\u00bb custom_padding__hover=\u00bb|||\u00bb][et_pb_accordion open_toggle_text_color=\u00bb#962649&#8243; open_toggle_background_color=\u00bb#ffffff\u00bb closed_toggle_text_color=\u00bb#ffffff\u00bb closed_toggle_background_color=\u00bb#000000&#8243; _builder_version=\u00bb4.2.2&#8243; toggle_level=\u00bbh2&#8243; toggle_font=\u00bb|||on|||||\u00bb toggle_text_align=\u00bbleft\u00bb body_font=\u00bb||||||||\u00bb body_font_size=\u00bb16px\u00bb text_orientation=\u00bbjustified\u00bb toggle_font_size_tablet=\u00bb\u00bb toggle_font_size_phone=\u00bb18px\u00bb toggle_font_size_last_edited=\u00bbon|phone\u00bb][et_pb_accordion_item title=\u00bbOperaci\u00f3n Segura de gr\u00faa m\u00f3vil\u00bb open_toggle_text_color=\u00bb#000000&#8243; _builder_version=\u00bb4.2.2&#8243; open=\u00bboff\u00bb]<\/p>\n<h3><strong>Objetivo<\/strong><\/h3>\n<ul>\n<li>Entrenar y evaluar para la operaci\u00f3n segura de gr\u00faa m\u00f3vil.<\/li>\n<li>Ayudar a las organizaciones a contar con operadores con competencia para la operaci\u00f3n de gr\u00faa m\u00f3vil.<\/li>\n<\/ul>\n<h3><strong>Dirigido a<\/strong><\/h3>\n<p>Operadores de gr\u00faa, ingenieros de maniobra, supervisores de seguridad e instructores.<\/p>\n<h3><strong>Contenido tem\u00e1tico<\/strong><\/h3>\n<ul>\n<li>Qu\u00e9 es una gr\u00faa y c\u00f3mo funciona.<\/li>\n<li>Tipos de gr\u00faas.<\/li>\n<li>Conociendo el equipo.<\/li>\n<li>Principales causas de accidentes.<\/li>\n<li>Qu\u00e9 es un operador de gr\u00faas y sus requisitos.<\/li>\n<li>Qu\u00e9 es un maniobrista y sus requisitos.<\/li>\n<li>Se\u00f1alizaciones.<\/li>\n<li>Detecci\u00f3n de riesgos.<\/li>\n<li>Accesorios y herramientas de izaje.<\/li>\n<li>Capacidad de carga de los accesorios.<\/li>\n<li>Centro de gravedad de las cargas.<\/li>\n<li>Tri\u00e1ngulo de izaje.<\/li>\n<li>Inspecci\u00f3n pre-uso de una gr\u00faa.<\/li>\n<li>Estabilidad de la gr\u00faa.<\/li>\n<li>Condiciones del suelo.<\/li>\n<li>Plan de izaje.<\/li>\n<li>EPP<\/li>\n<li>Radio y \u00e1ngulo de una gr\u00faa.<\/li>\n<li>Principios de f\u00edsica.<\/li>\n<\/ul>\n<h3><strong>Duraci\u00f3n<\/strong><\/h3>\n<p>El programa consta de 16 o 24 horas distribuidas de la siguiente manera:<\/p>\n<ul>\n<li>Capacitaci\u00f3n te\u00f3rica.<\/li>\n<li>Pr\u00e1ctica y evaluaci\u00f3n.<\/li>\n<\/ul>\n<h3><strong>Requisitos<\/strong><\/h3>\n<p>Tener experiencia como operador de gr\u00faa o maniobrista.<\/p>\n<h3><strong>Cupo<\/strong><\/h3>\n<p>Adaptable a las necesidades de la empresa solicitante.<\/p>\n<p>[\/et_pb_accordion_item][et_pb_accordion_item title=\u00bbOperaci\u00f3n segura de gr\u00faa viajera\u00bb open_toggle_text_color=\u00bb#000000&#8243; _builder_version=\u00bb4.2.2&#8243; open=\u00bboff\u00bb]<\/p>\n<h3><strong>Objetivo<\/strong><\/h3>\n<ul>\n<li>Entrenar y evaluar para la operaci\u00f3n segura de gr\u00faa viajera.<\/li>\n<li>Formar operadores seguros y productivos.<\/li>\n<\/ul>\n<h3><strong>Dirigido a<\/strong><\/h3>\n<p>Operadores de gr\u00faa, supervisores de producci\u00f3n y mantenimiento, encargados de seguridad e higiene.<\/p>\n<h3><strong>Contenido tem\u00e1tico<\/strong><\/h3>\n<ul>\n<li>Seguridad en la operaci\u00f3n de gr\u00faa.<\/li>\n<li>Aptitudes y actitudes del operador ideal.<\/li>\n<li>Caracter\u00edsticas y controles de la gr\u00faa.<\/li>\n<li>Seguridad en el manejo de materiales, almacenamiento y disposici\u00f3n.<\/li>\n<li>Elementos de izaje.<\/li>\n<li>Izaje critico.<\/li>\n<li>An\u00e1lisis de trabajo.<\/li>\n<li>Preparaci\u00f3n de la carga a manipular.<\/li>\n<li>Riesgos de la funci\u00f3n.<\/li>\n<\/ul>\n<h3><strong>Duraci\u00f3n<\/strong><\/h3>\n<p>El programa consta de 8 horas distribuidas de la siguiente manera:<\/p>\n<ul>\n<li>Capacitaci\u00f3n te\u00f3rica.<\/li>\n<li>Pr\u00e1ctica y evaluaci\u00f3n.<\/li>\n<\/ul>\n<h3><strong>Cupo<\/strong><\/h3>\n<p>Adaptable a las necesidades de la empresa solicitante.<\/p>\n<p>[\/et_pb_accordion_item][et_pb_accordion_item title=\u00bbOperaci\u00f3n de montacargas\u00bb open=\u00bbon\u00bb open_toggle_text_color=\u00bb#000000&#8243; _builder_version=\u00bb4.2.2&#8243; toggle_text_color=\u00bb#ffffff\u00bb]<\/p>\n<h3><strong>Objetivo<\/strong><\/h3>\n<ul>\n<li>Mostrar a los operadores de montacargas las t\u00e9cnicas de operaci\u00f3n segura de los montacargas, a fin de evitar accidentes y aumentar la productividad.<\/li>\n<li>Ayudar a las organizaciones a contar con operadores con competencia para la operaci\u00f3n de montacargas.<\/li>\n<\/ul>\n<h3><strong>Dirigido a<\/strong><\/h3>\n<p>Operadores de montacargas (principiantes o con experiencia), responsables de seguridad y almacenistas.<\/p>\n<h3><strong>Contenido tem\u00e1tico<\/strong><\/h3>\n<ul>\n<li>Qu\u00e9 es un operador profesional de montacargas.<\/li>\n<li>Conociendo tu montacargas.<\/li>\n<li>Principios de equilibrio y estabilidad.<\/li>\n<li>Inspecci\u00f3n del montacargas.<\/li>\n<li>Tomar cargas, circular con cargas y depositar las cargas.<\/li>\n<li>Buenas pr\u00e1cticas en la operaci\u00f3n del montacargas.<\/li>\n<\/ul>\n<h3><strong>Duraci\u00f3n<\/strong><\/h3>\n<p>El programa consta de 8 horas distribuidas de la siguiente manera:<\/p>\n<ul>\n<li>Capacitaci\u00f3n te\u00f3rica.<\/li>\n<li>Pr\u00e1ctica y evaluaci\u00f3n.<\/li>\n<\/ul>\n<h3><strong>Requisitos<\/strong><\/h3>\n<p>Ser operador de montacargas.<\/p>\n<h3><strong>Cupo<\/strong><\/h3>\n<p>Adaptable a las necesidades de la empresa solicitante.<\/p>\n<p>[\/et_pb_accordion_item][\/et_pb_accordion][\/et_pb_column][\/et_pb_row][\/et_pb_section][et_pb_section fb_built=\u00bb1&#8243; _builder_version=\u00bb3.22.3&#8243; custom_padding=\u00bb0|0px|0|0px|false|false\u00bb][et_pb_row use_custom_gutter=\u00bbon\u00bb gutter_width=\u00bb1&#8243; module_class=\u00bb et_pb_row_fullwidth\u00bb _builder_version=\u00bb3.25&#8243; width=\u00bb100%\u00bb width_tablet=\u00bb100%\u00bb width_phone=\u00bb\u00bb width_last_edited=\u00bbon|desktop\u00bb max_width=\u00bb100%\u00bb max_width_tablet=\u00bb100%\u00bb max_width_phone=\u00bb\u00bb max_width_last_edited=\u00bbon|desktop\u00bb custom_padding=\u00bb0|0px|0|0px|false|false\u00bb make_fullwidth=\u00bbon\u00bb][et_pb_column type=\u00bb4_4&#8243; _builder_version=\u00bb3.25&#8243; custom_padding=\u00bb|||\u00bb custom_padding__hover=\u00bb|||\u00bb][et_pb_gallery gallery_ids=\u00bb566,567,568,569,62,63,64,69&#8243; posts_number=\u00bb8&#8243; show_title_and_caption=\u00bboff\u00bb _builder_version=\u00bb3.19.18&#8243; pagination_font=\u00bb||||||||\u00bb pagination_font_size=\u00bb22px\u00bb][\/et_pb_gallery][\/et_pb_column][\/et_pb_row][\/et_pb_section][et_pb_section fb_built=\u00bb1&#8243; disabled_on=\u00bboff|off|off\u00bb _builder_version=\u00bb4.2.2&#8243; background_color=\u00bb#000000&#8243; width=\u00bb100%\u00bb min_height=\u00bb271px\u00bb custom_margin=\u00bb-150px||-279px|||\u00bb custom_padding=\u00bb19px|0px|0|0px|false|false\u00bb global_module=\u00bb139&#8243; saved_tabs=\u00bball\u00bb][et_pb_row column_structure=\u00bb1_5,1_5,1_5,1_5,1_5&#8243; module_class=\u00bb et_pb_row_fullwidth\u00bb _builder_version=\u00bb3.25&#8243; width=\u00bb89%\u00bb width_tablet=\u00bb80%\u00bb width_phone=\u00bb\u00bb width_last_edited=\u00bbon|desktop\u00bb max_width=\u00bb89%\u00bb max_width_tablet=\u00bb80%\u00bb max_width_phone=\u00bb\u00bb max_width_last_edited=\u00bbon|desktop\u00bb min_height=\u00bb140px\u00bb custom_margin=\u00bb9px|auto|-79px|auto||\u00bb make_fullwidth=\u00bbon\u00bb][et_pb_column type=\u00bb1_5&#8243; _builder_version=\u00bb3.25&#8243; custom_padding=\u00bb|||\u00bb custom_padding__hover=\u00bb|||\u00bb][et_pb_blurb title=\u00bbCont\u00e1ctenos\u00bb use_icon=\u00bbon\u00bb font_icon=\u00bb%%264%%\u00bb icon_placement=\u00bbleft\u00bb use_icon_font_size=\u00bbon\u00bb icon_font_size=\u00bb32px\u00bb _builder_version=\u00bb4.4.2&#8243; header_font=\u00bbOswald||||||||\u00bb header_text_color=\u00bb#ffffff\u00bb header_font_size=\u00bb24px\u00bb body_font=\u00bb||||||||\u00bb body_text_color=\u00bbrgba(255,255,255,0.7)\u00bb custom_margin=\u00bb||14px\u00bb][\/et_pb_blurb][et_pb_button button_url=\u00bbtel:6144824444&#8243; url_new_window=\u00bbon\u00bb button_text=\u00bb614 482 4444&#8243; button_alignment=\u00bbcenter\u00bb _builder_version=\u00bb4.4.2&#8243; custom_button=\u00bbon\u00bb button_text_size=\u00bb18px\u00bb button_text_color=\u00bb#ffffff\u00bb button_bg_color=\u00bb#962649&#8243; button_border_width=\u00bb0px\u00bb button_border_color=\u00bb#6d6e71&#8243; button_font=\u00bb||||||||\u00bb button_icon=\u00bb%%264%%\u00bb button_icon_color=\u00bb#ffffff\u00bb button_icon_placement=\u00bbleft\u00bb custom_margin=\u00bb|||16px\u00bb][\/et_pb_button][et_pb_button button_url=\u00bbtel:6144824444&#8243; url_new_window=\u00bbon\u00bb button_text=\u00bbExt. 142   Ext.145   Ext.146&#8243; button_alignment=\u00bbcenter\u00bb _builder_version=\u00bb4.8.1&#8243; custom_button=\u00bbon\u00bb button_text_size=\u00bb20px\u00bb button_text_color=\u00bb#962649&#8243; button_bg_color=\u00bb#FFFFFF\u00bb button_border_width=\u00bb0px\u00bb button_border_color=\u00bb#962649&#8243; button_border_radius=\u00bb32px\u00bb button_letter_spacing=\u00bb0px\u00bb button_font=\u00bbABeeZee|700|||||||\u00bb button_icon=\u00bb%%264%%\u00bb button_icon_color=\u00bb#ffffff\u00bb button_icon_placement=\u00bbleft\u00bb custom_margin=\u00bb|||16px\u00bb box_shadow_style=\u00bbpreset1&#8243;][\/et_pb_button][\/et_pb_column][et_pb_column type=\u00bb1_5&#8243; _builder_version=\u00bb3.25&#8243; custom_padding=\u00bb|||\u00bb custom_padding__hover=\u00bb|||\u00bb][et_pb_blurb title=\u00bbUbicaci\u00f3n\u00bb use_icon=\u00bbon\u00bb font_icon=\u00bb%%251%%\u00bb icon_color=\u00bb#962649&#8243; icon_placement=\u00bbleft\u00bb use_icon_font_size=\u00bbon\u00bb icon_font_size=\u00bb32px\u00bb _builder_version=\u00bb4.2.2&#8243; header_font=\u00bbOswald||||||||\u00bb header_text_color=\u00bb#ffffff\u00bb header_font_size=\u00bb24px\u00bb body_font=\u00bb||||||||\u00bb body_text_color=\u00bb#ffffff\u00bb custom_padding=\u00bb|||18px||\u00bb]<\/p>\n<p>Av. Ignacio Zaragoza 2903, Zona Industrial Nombre de Dios Chihuahua, Chihuahua 31105<\/p>\n<p>[\/et_pb_blurb][\/et_pb_column][et_pb_column type=\u00bb1_5&#8243; _builder_version=\u00bb3.25&#8243; custom_padding=\u00bb|||\u00bb custom_padding__hover=\u00bb|||\u00bb][et_pb_blurb title=\u00bbCursos\u00bb use_icon=\u00bbon\u00bb font_icon=\u00bb%%16%%\u00bb icon_placement=\u00bbleft\u00bb use_icon_font_size=\u00bbon\u00bb icon_font_size=\u00bb32px\u00bb _builder_version=\u00bb4.2.2&#8243; header_font=\u00bbOswald||||||||\u00bb header_text_color=\u00bb#ffffff\u00bb header_font_size=\u00bb24px\u00bb body_font=\u00bb|||on|||||\u00bb body_text_color=\u00bb#962649&#8243; background_layout=\u00bbdark\u00bb]<\/p>\n<ul>\n<li><a href=\"https:\/\/www.capacitacionkeila.com\/registro-stps\/\"><span style=\"color: #999999;\"><\/span><span style=\"color: #ffffff;\">Seguridad<\/span><\/a><\/li>\n<li><span style=\"color: #ffffff;\"><a href=\"https:\/\/www.capacitacionkeila.com\/proteccion-civil\/\" style=\"color: #ffffff;\">Protecci\u00f3n Civil<\/a><\/span><\/li>\n<li><span style=\"color: #ffffff;\"><a href=\"https:\/\/www.capacitacionkeila.com\/desarrollo-humano\/\" style=\"color: #ffffff;\">Capital Humano<\/a><\/span><\/li>\n<\/ul>\n<p>[\/et_pb_blurb][\/et_pb_column][et_pb_column type=\u00bb1_5&#8243; _builder_version=\u00bb3.25&#8243; custom_padding=\u00bb|||\u00bb custom_padding__hover=\u00bb|||\u00bb][et_pb_image src=\u00bbhttps:\/\/www.capacitacionkeila.com\/site\/wp-content\/uploads\/2019\/01\/grupo-keila.png\u00bb url=\u00bbhttp:\/\/www.grupokeila.com\u00bb align=\u00bbcenter\u00bb align_tablet=\u00bbcenter\u00bb align_phone=\u00bb\u00bb align_last_edited=\u00bbon|desktop\u00bb _builder_version=\u00bb3.23&#8243; custom_padding=\u00bb28px||\u00bb][\/et_pb_image][dsm_perspective_image _builder_version=\u00bb4.0.5&#8243;][\/dsm_perspective_image][\/et_pb_column][et_pb_column type=\u00bb1_5&#8243; _builder_version=\u00bb3.25&#8243; custom_padding=\u00bb|||\u00bb custom_padding__hover=\u00bb|||\u00bb][et_pb_image src=\u00bbhttps:\/\/www.capacitacionkeila.com\/site\/wp-content\/uploads\/2019\/02\/footer-conocer.png\u00bb align=\u00bbcenter\u00bb align_tablet=\u00bbcenter\u00bb align_phone=\u00bb\u00bb align_last_edited=\u00bbon|desktop\u00bb _builder_version=\u00bb3.23&#8243;][\/et_pb_image][\/et_pb_column][\/et_pb_row][\/et_pb_section]<\/p>\n","protected":false},"excerpt":{"rendered":"<p>[et_pb_section fb_built=\u00bb1&#8243; _builder_version=\u00bb4.2.2&#8243; background_image=\u00bbhttps:\/\/www.capacitacionkeila.com\/site\/wp-content\/uploads\/2019\/01\/montacargas20.jpg\u00bb parallax=\u00bbon\u00bb parallax_method=\u00bboff\u00bb custom_padding=\u00bb200px|0px|200px|0px|true|false\u00bb top_divider_color=\u00bb#2c2c2c\u00bb top_divider_height_tablet=\u00bb\u00bb top_divider_height_phone=\u00bb25px\u00bb top_divider_height_last_edited=\u00bbon|phone\u00bb bottom_divider_height_tablet=\u00bb\u00bb bottom_divider_height_phone=\u00bb25px\u00bb bottom_divider_height_last_edited=\u00bbon|phone\u00bb][et_pb_row _builder_version=\u00bb3.25&#8243;][et_pb_column type=\u00bb4_4&#8243; _builder_version=\u00bb3.25&#8243; custom_padding=\u00bb|||\u00bb custom_padding__hover=\u00bb|||\u00bb][\/et_pb_column][\/et_pb_row][\/et_pb_section][et_pb_section fb_built=\u00bb1&#8243; _builder_version=\u00bb3.22.3&#8243; custom_padding=\u00bb0|0px|0|0px|false|false\u00bb][et_pb_row module_class=\u00bbcenteredcolumns\u00bb _builder_version=\u00bb3.25&#8243; width=\u00bb50%\u00bb max_width=\u00bb50%\u00bb module_alignment=\u00bbcenter\u00bb custom_padding=\u00bb26.65625px|0px|0|0px|false|false\u00bb use_custom_width=\u00bbon\u00bb width_unit=\u00bboff\u00bb custom_width_percent=\u00bb50%\u00bb][et_pb_column type=\u00bb4_4&#8243; _builder_version=\u00bb3.25&#8243; custom_padding=\u00bb|||\u00bb custom_padding__hover=\u00bb|||\u00bb][et_pb_blurb title=\u00bb@ET-DC@eyJkeW5hbWljIjp0cnVlLCJjb250ZW50IjoicG9zdF90aXRsZSIsInNldHRpbmdzIjp7ImJlZm9yZSI6IiIsImFmdGVyIjoiIn19@\u00bb _builder_version=\u00bb4.2.2&#8243; _dynamic_attributes=\u00bbtitle\u00bb header_font=\u00bb|700||on|||||\u00bb header_text_align=\u00bbcenter\u00bb header_text_color=\u00bb#000000&#8243; header_font_size=\u00bb35px\u00bb custom_margin=\u00bb||\u00bb][\/et_pb_blurb][\/et_pb_column][\/et_pb_row][et_pb_row _builder_version=\u00bb4.2.2&#8243; width=\u00bb98%\u00bb max_width=\u00bb98%\u00bb module_alignment=\u00bbcenter\u00bb use_custom_width=\u00bbon\u00bb width_unit=\u00bboff\u00bb custom_width_percent=\u00bb98%\u00bb][et_pb_column type=\u00bb4_4&#8243; _builder_version=\u00bb3.25&#8243; custom_padding=\u00bb|||\u00bb custom_padding__hover=\u00bb|||\u00bb][et_pb_accordion open_toggle_text_color=\u00bb#962649&#8243; [&hellip;]<\/p>\n","protected":false},"author":1,"featured_media":0,"parent":0,"menu_order":0,"comment_status":"closed","ping_status":"closed","template":"","meta":{"_et_pb_use_builder":"on","_et_pb_old_content":"","_et_gb_content_width":"","inline_featured_image":false},"yoast_head":"<!-- This site is optimized with the Yoast SEO plugin v20.6 - https:\/\/yoast.com\/wordpress\/plugins\/seo\/ -->\n<title>\u2705Cursos de Operaci\u00f3n de Maquinaria en Chihuahua<\/title>\n<meta name=\"description\" content=\"Ofrecemos una amplia gama de cursos de operaci\u00f3n segura de maquinaria para Gr\u00faa Movil, Gr\u00faa Viajera y Operaci\u00f3n de Montacargas en Chihuahua\" \/>\n<meta name=\"robots\" content=\"index, follow, max-snippet:-1, max-image-preview:large, max-video-preview:-1\" \/>\n<link rel=\"canonical\" href=\"https:\/\/capacitacionkeila.com\/site\/maquinaria\/\" \/>\n<meta property=\"og:locale\" content=\"es_ES\" \/>\n<meta property=\"og:type\" content=\"article\" \/>\n<meta property=\"og:title\" content=\"\u2705Cursos de Operaci\u00f3n de Maquinaria en Chihuahua\" \/>\n<meta property=\"og:description\" content=\"Ofrecemos una amplia gama de cursos de operaci\u00f3n segura de maquinaria para Gr\u00faa Movil, Gr\u00faa Viajera y Operaci\u00f3n de Montacargas en Chihuahua\" \/>\n<meta property=\"og:url\" content=\"https:\/\/capacitacionkeila.com\/site\/maquinaria\/\" \/>\n<meta property=\"og:site_name\" content=\"CE Keila\" \/>\n<meta property=\"article:publisher\" content=\"https:\/\/www.facebook.com\/CEKEILACUU\/\" \/>\n<meta property=\"article:modified_time\" content=\"2022-08-05T15:53:49+00:00\" \/>\n<meta name=\"twitter:card\" content=\"summary_large_image\" \/>\n<meta name=\"twitter:label1\" content=\"Tiempo de lectura\" \/>\n\t<meta name=\"twitter:data1\" content=\"7 minutos\" \/>\n<script type=\"application\/ld+json\" class=\"yoast-schema-graph\">{\"@context\":\"https:\/\/schema.org\",\"@graph\":[{\"@type\":\"WebPage\",\"@id\":\"https:\/\/capacitacionkeila.com\/site\/maquinaria\/\",\"url\":\"https:\/\/capacitacionkeila.com\/site\/maquinaria\/\",\"name\":\"\u2705Cursos de Operaci\u00f3n de Maquinaria en Chihuahua\",\"isPartOf\":{\"@id\":\"https:\/\/capacitacionkeila.com\/site\/#website\"},\"datePublished\":\"2019-02-28T01:01:02+00:00\",\"dateModified\":\"2022-08-05T15:53:49+00:00\",\"description\":\"Ofrecemos una amplia gama de cursos de operaci\u00f3n segura de maquinaria para Gr\u00faa Movil, Gr\u00faa Viajera y Operaci\u00f3n de Montacargas en Chihuahua\",\"breadcrumb\":{\"@id\":\"https:\/\/capacitacionkeila.com\/site\/maquinaria\/#breadcrumb\"},\"inLanguage\":\"es\",\"potentialAction\":[{\"@type\":\"ReadAction\",\"target\":[\"https:\/\/capacitacionkeila.com\/site\/maquinaria\/\"]}]},{\"@type\":\"BreadcrumbList\",\"@id\":\"https:\/\/capacitacionkeila.com\/site\/maquinaria\/#breadcrumb\",\"itemListElement\":[{\"@type\":\"ListItem\",\"position\":1,\"name\":\"Portada\",\"item\":\"https:\/\/capacitacionkeila.com\/site\/\"},{\"@type\":\"ListItem\",\"position\":2,\"name\":\"Maquinaria\"}]},{\"@type\":\"WebSite\",\"@id\":\"https:\/\/capacitacionkeila.com\/site\/#website\",\"url\":\"https:\/\/capacitacionkeila.com\/site\/\",\"name\":\"CE Keila\",\"description\":\"Cursos de Capacitaci\u00f3n\",\"publisher\":{\"@id\":\"https:\/\/capacitacionkeila.com\/site\/#organization\"},\"potentialAction\":[{\"@type\":\"SearchAction\",\"target\":{\"@type\":\"EntryPoint\",\"urlTemplate\":\"https:\/\/capacitacionkeila.com\/site\/?s={search_term_string}\"},\"query-input\":\"required name=search_term_string\"}],\"inLanguage\":\"es\"},{\"@type\":\"Organization\",\"@id\":\"https:\/\/capacitacionkeila.com\/site\/#organization\",\"name\":\"Capacitacion Keila\",\"url\":\"https:\/\/capacitacionkeila.com\/site\/\",\"logo\":{\"@type\":\"ImageObject\",\"inLanguage\":\"es\",\"@id\":\"https:\/\/capacitacionkeila.com\/site\/#\/schema\/logo\/image\/\",\"url\":\"https:\/\/capacitacionkeila.com\/site\/site\/wp-content\/uploads\/2020\/01\/Ce-Keila.Oficial-Sin-Fondo.png\",\"contentUrl\":\"https:\/\/capacitacionkeila.com\/site\/site\/wp-content\/uploads\/2020\/01\/Ce-Keila.Oficial-Sin-Fondo.png\",\"width\":3300,\"height\":2550,\"caption\":\"Capacitacion Keila\"},\"image\":{\"@id\":\"https:\/\/capacitacionkeila.com\/site\/#\/schema\/logo\/image\/\"},\"sameAs\":[\"https:\/\/www.facebook.com\/CEKEILACUU\/\",\"https:\/\/www.instagram.com\/ce_keila\/\",\"https:\/\/www.linkedin.com\/company\/14844642\/admin\/\"]}]}<\/script>\n<!-- \/ Yoast SEO plugin. -->","yoast_head_json":{"title":"\u2705Cursos de Operaci\u00f3n de Maquinaria en Chihuahua","description":"Ofrecemos una amplia gama de cursos de operaci\u00f3n segura de maquinaria para Gr\u00faa Movil, Gr\u00faa Viajera y Operaci\u00f3n de Montacargas en Chihuahua","robots":{"index":"index","follow":"follow","max-snippet":"max-snippet:-1","max-image-preview":"max-image-preview:large","max-video-preview":"max-video-preview:-1"},"canonical":"https:\/\/capacitacionkeila.com\/site\/maquinaria\/","og_locale":"es_ES","og_type":"article","og_title":"\u2705Cursos de Operaci\u00f3n de Maquinaria en Chihuahua","og_description":"Ofrecemos una amplia gama de cursos de operaci\u00f3n segura de maquinaria para Gr\u00faa Movil, Gr\u00faa Viajera y Operaci\u00f3n de Montacargas en Chihuahua","og_url":"https:\/\/capacitacionkeila.com\/site\/maquinaria\/","og_site_name":"CE Keila","article_publisher":"https:\/\/www.facebook.com\/CEKEILACUU\/","article_modified_time":"2022-08-05T15:53:49+00:00","twitter_card":"summary_large_image","twitter_misc":{"Tiempo de lectura":"7 minutos"},"schema":{"@context":"https:\/\/schema.org","@graph":[{"@type":"WebPage","@id":"https:\/\/capacitacionkeila.com\/site\/maquinaria\/","url":"https:\/\/capacitacionkeila.com\/site\/maquinaria\/","name":"\u2705Cursos de Operaci\u00f3n de Maquinaria en Chihuahua","isPartOf":{"@id":"https:\/\/capacitacionkeila.com\/site\/#website"},"datePublished":"2019-02-28T01:01:02+00:00","dateModified":"2022-08-05T15:53:49+00:00","description":"Ofrecemos una amplia gama de cursos de operaci\u00f3n segura de maquinaria para Gr\u00faa Movil, Gr\u00faa Viajera y Operaci\u00f3n de Montacargas en Chihuahua","breadcrumb":{"@id":"https:\/\/capacitacionkeila.com\/site\/maquinaria\/#breadcrumb"},"inLanguage":"es","potentialAction":[{"@type":"ReadAction","target":["https:\/\/capacitacionkeila.com\/site\/maquinaria\/"]}]},{"@type":"BreadcrumbList","@id":"https:\/\/capacitacionkeila.com\/site\/maquinaria\/#breadcrumb","itemListElement":[{"@type":"ListItem","position":1,"name":"Portada","item":"https:\/\/capacitacionkeila.com\/site\/"},{"@type":"ListItem","position":2,"name":"Maquinaria"}]},{"@type":"WebSite","@id":"https:\/\/capacitacionkeila.com\/site\/#website","url":"https:\/\/capacitacionkeila.com\/site\/","name":"CE Keila","description":"Cursos de Capacitaci\u00f3n","publisher":{"@id":"https:\/\/capacitacionkeila.com\/site\/#organization"},"potentialAction":[{"@type":"SearchAction","target":{"@type":"EntryPoint","urlTemplate":"https:\/\/capacitacionkeila.com\/site\/?s={search_term_string}"},"query-input":"required name=search_term_string"}],"inLanguage":"es"},{"@type":"Organization","@id":"https:\/\/capacitacionkeila.com\/site\/#organization","name":"Capacitacion Keila","url":"https:\/\/capacitacionkeila.com\/site\/","logo":{"@type":"ImageObject","inLanguage":"es","@id":"https:\/\/capacitacionkeila.com\/site\/#\/schema\/logo\/image\/","url":"https:\/\/capacitacionkeila.com\/site\/site\/wp-content\/uploads\/2020\/01\/Ce-Keila.Oficial-Sin-Fondo.png","contentUrl":"https:\/\/capacitacionkeila.com\/site\/site\/wp-content\/uploads\/2020\/01\/Ce-Keila.Oficial-Sin-Fondo.png","width":3300,"height":2550,"caption":"Capacitacion Keila"},"image":{"@id":"https:\/\/capacitacionkeila.com\/site\/#\/schema\/logo\/image\/"},"sameAs":["https:\/\/www.facebook.com\/CEKEILACUU\/","https:\/\/www.instagram.com\/ce_keila\/","https:\/\/www.linkedin.com\/company\/14844642\/admin\/"]}]}},"_links":{"self":[{"href":"https:\/\/capacitacionkeila.com\/site\/wp-json\/wp\/v2\/pages\/563"}],"collection":[{"href":"https:\/\/capacitacionkeila.com\/site\/wp-json\/wp\/v2\/pages"}],"about":[{"href":"https:\/\/capacitacionkeila.com\/site\/wp-json\/wp\/v2\/types\/page"}],"author":[{"embeddable":true,"href":"https:\/\/capacitacionkeila.com\/site\/wp-json\/wp\/v2\/users\/1"}],"replies":[{"embeddable":true,"href":"https:\/\/capacitacionkeila.com\/site\/wp-json\/wp\/v2\/comments?post=563"}],"version-history":[{"count":13,"href":"https:\/\/capacitacionkeila.com\/site\/wp-json\/wp\/v2\/pages\/563\/revisions"}],"predecessor-version":[{"id":4052,"href":"https:\/\/capacitacionkeila.com\/site\/wp-json\/wp\/v2\/pages\/563\/revisions\/4052"}],"wp:attachment":[{"href":"https:\/\/capacitacionkeila.com\/site\/wp-json\/wp\/v2\/media?parent=563"}],"curies":[{"name":"wp","href":"https:\/\/api.w.org\/{rel}","templated":true}]}}