{"id":525,"date":"2019-02-28T00:08:41","date_gmt":"2019-02-28T00:08:41","guid":{"rendered":"https:\/\/www.capacitacionkeila.com\/site\/?page_id=525"},"modified":"2020-03-27T16:20:15","modified_gmt":"2020-03-27T23:20:15","slug":"desarrollo-humano","status":"publish","type":"page","link":"https:\/\/capacitacionkeila.com\/site\/desarrollo-humano\/","title":{"rendered":"Capital Humano"},"content":{"rendered":"\n[et_pb_section fb_built=\u00bb1&#8243; _builder_version=\u00bb4.2.2&#8243; background_image=\u00bbhttps:\/\/www.capacitacionkeila.com\/site\/wp-content\/uploads\/2019\/02\/capacitacion5.jpg\u00bb parallax=\u00bbon\u00bb parallax_method=\u00bboff\u00bb custom_padding=\u00bb200px|0px|200px|0px|true|false\u00bb top_divider_color=\u00bb#2c2c2c\u00bb top_divider_height_tablet=\u00bb\u00bb top_divider_height_phone=\u00bb25px\u00bb top_divider_height_last_edited=\u00bbon|phone\u00bb bottom_divider_height_tablet=\u00bb\u00bb bottom_divider_height_phone=\u00bb25px\u00bb bottom_divider_height_last_edited=\u00bbon|phone\u00bb][et_pb_row _builder_version=\u00bb3.25&#8243;][et_pb_column type=\u00bb4_4&#8243; _builder_version=\u00bb3.25&#8243; custom_padding=\u00bb|||\u00bb custom_padding__hover=\u00bb|||\u00bb][\/et_pb_column][\/et_pb_row][\/et_pb_section][et_pb_section fb_built=\u00bb1&#8243; _builder_version=\u00bb3.22.3&#8243; custom_padding=\u00bb0|0px|0|0px|false|false\u00bb][et_pb_row module_class=\u00bbcenteredcolumns\u00bb _builder_version=\u00bb3.25&#8243; width=\u00bb50%\u00bb max_width=\u00bb50%\u00bb module_alignment=\u00bbcenter\u00bb custom_padding=\u00bb26.65625px|0px|0|0px|false|false\u00bb use_custom_width=\u00bbon\u00bb width_unit=\u00bboff\u00bb custom_width_percent=\u00bb50%\u00bb][et_pb_column type=\u00bb4_4&#8243; _builder_version=\u00bb3.25&#8243; custom_padding=\u00bb|||\u00bb custom_padding__hover=\u00bb|||\u00bb][et_pb_blurb title=\u00bb@ET-DC@eyJkeW5hbWljIjp0cnVlLCJjb250ZW50IjoicG9zdF90aXRsZSIsInNldHRpbmdzIjp7ImJlZm9yZSI6IiIsImFmdGVyIjoiIn19@\u00bb _builder_version=\u00bb4.2.2&#8243; _dynamic_attributes=\u00bbtitle\u00bb header_font=\u00bb|700||on|||||\u00bb header_text_align=\u00bbcenter\u00bb header_text_color=\u00bb#000000&#8243; header_font_size=\u00bb35px\u00bb custom_margin=\u00bb||\u00bb][\/et_pb_blurb][\/et_pb_column][\/et_pb_row][et_pb_row _builder_version=\u00bb3.25&#8243; width=\u00bb98%\u00bb max_width=\u00bb98%\u00bb module_alignment=\u00bbcenter\u00bb use_custom_width=\u00bbon\u00bb width_unit=\u00bboff\u00bb custom_width_percent=\u00bb98%\u00bb][et_pb_column type=\u00bb4_4&#8243; _builder_version=\u00bb3.25&#8243; custom_padding=\u00bb|||\u00bb custom_padding__hover=\u00bb|||\u00bb][et_pb_accordion open_toggle_text_color=\u00bb#962649&#8243; closed_toggle_text_color=\u00bb#ffffff\u00bb closed_toggle_background_color=\u00bb#000000&#8243; _builder_version=\u00bb4.2.2&#8243; toggle_level=\u00bbh2&#8243; toggle_font=\u00bb|||on|||||\u00bb toggle_text_align=\u00bbleft\u00bb body_font=\u00bb||||||||\u00bb body_font_size=\u00bb16px\u00bb text_orientation=\u00bbjustified\u00bb hover_enabled=\u00bb0&#8243; toggle_font_size_tablet=\u00bb\u00bb toggle_font_size_phone=\u00bb18px\u00bb toggle_font_size_last_edited=\u00bbon|phone\u00bb][et_pb_accordion_item title=\u00bbDesarrollo Integral de Instructores\u00bb open=\u00bboff\u00bb _builder_version=\u00bb4.2.2&#8243; hover_enabled=\u00bb0&#8243; open_toggle_text_color=\u00bb#000000&#8243;]<h3><strong>Objetivo<\/strong><\/h3>\n<ul>\n<li>Proveer al participante las habilidades esenciales que se requieren para administrar su \u00e1rea de manera efectiva.<\/li>\n<li>Desarrollar competencias del participante que permitan incrementar su efectividad profesional y personal, contando con m\u00e1s elementos para la toma de decisiones.<\/li>\n<li>Conocer los diferentes estilo de comunicaci\u00f3n, con los cuales podr\u00e1 conocer a su personal y a manejar los conflictos que se lleguen a presentar.<\/li>\n<li>Conocer la mejor forma de dirigir a un equipo de trabajo permiti\u00e9ndole desempe\u00f1ar un estilo de supervisi\u00f3n adecuado.<\/li>\n<\/ul>\n<h3><strong>Dirigido a<\/strong><\/h3>\n<ul>\n<li>Todas aquellas personas que tengan personal a su cargo y realicen actividades de supervisi\u00f3n.<\/li>\n<li>Personas que busquen desarrollar mejores relaciones internas con sus equipos de trabajo.<\/li>\n<\/ul>\n<h3><strong>Contenido tem\u00e1tico<\/strong><\/h3>\n<ul>\n<li>Conceptos b\u00e1sicos, roles y funciones<\/li>\n<li>Habilidades del Supervisor<\/li>\n<li>Relaciones Humanas y Liderazgo<\/li>\n<li>Manejo de Conflictos<\/li>\n<li>Desarrollo y crecimiento del Supervisor<\/li>\n<\/ul>\n<h3><strong>Duraci\u00f3n<\/strong><\/h3>\n<p>El programa consta de 12 horas (2 sesiones de 6 horas cada una) distribuidas de forma:<\/p>\n<ul>\n<li>Te\u00f3rica<\/li>\n<li>Pr\u00e1ctica y evaluaci\u00f3n<\/li>\n<\/ul>\n<h3><strong>Cupo<\/strong><\/h3>\n<ul>\n<li>Adaptable a las necesidades de la empresa solicitante.<\/li>\n<\/ul>[\/et_pb_accordion_item][et_pb_accordion_item title=\u00bbFormaci\u00f3n de instructores\u00bb _builder_version=\u00bb4.2.2&#8243; hover_enabled=\u00bb0&#8243; open=\u00bboff\u00bb toggle_text_color=\u00bb#000000&#8243;]<h3><strong>Objetivo<\/strong><\/h3>\n<ul>\n<li>Desarrollar habilidades para identificar y analizar los conceptos, medios y t\u00e9cnicas requeridas para impartir cursos de capacitaci\u00f3n.<\/li>\n<li>Precisar una base sistem\u00e1tica para elaborar los planes y programas de capacitaci\u00f3n que responda a los requerimientos de aprendizaje de las personas que reciben instrucci\u00f3n.<\/li>\n<li>Practicar situaciones que se presentan en la conducci\u00f3n de grupos, aprovechar las distintas personalidades de los asistentes y alcanzar los objetivos de aprendizaje.<\/li>\n<\/ul>\n<h3><strong>Dirigido a<\/strong><\/h3>\n<p>Cualquier persona que quiera desarrollar distintas t\u00e9cnicas y habilidades requeridas para impartir cursos de capacitaci\u00f3n.<\/p>\n<h3><strong>Contenido tem\u00e1tico<\/strong><\/h3>\n<ul>\n<li>Registro, presentaci\u00f3n, actividad rompe hielo, presentaci\u00f3n reglas del grupo, diagn\u00f3stico inicial.<\/li>\n<li>Proceso de ense\u00f1anza aprendizaje.<\/li>\n<li>Las tareas del instructor.<\/li>\n<li>T\u00e9cnicas y recursos de la instrucci\u00f3n.<\/li>\n<li>Manejo de grupos.<\/li>\n<li>Proceso de comunicaci\u00f3n y perfil instructor.<\/li>\n<li>Contacto con el auditorio (imagen, primera impresi\u00f3n).<\/li>\n<\/ul>\n<h3><strong>Duraci\u00f3n<\/strong><\/h3>\n<p>El programa consta de 12 horas distribuidas de la siguiente manera:<\/p>\n<ul>\n<li>Sesi\u00f3n 1: 4 horas<\/li>\n<li>Sesi\u00f3n 2: 4 horas<\/li>\n<li>Sesi\u00f3n 3: 4 horas<\/li>\n<\/ul>\n<h3><strong>Cupo<\/strong><\/h3>\n<p>Adaptable a las necesidades de la empresa solicitante.<\/p>[\/et_pb_accordion_item][et_pb_accordion_item title=\u00bbComunicaci\u00f3n Asertiva\u00bb _builder_version=\u00bb4.2.2&#8243; hover_enabled=\u00bb0&#8243; open=\u00bboff\u00bb toggle_text_color=\u00bb#000000&#8243;]<h3><strong>Objetivo<\/strong><\/h3>\n<ul>\n<li>Desarrollar la observaci\u00f3n, la retroalimentaci\u00f3n y la auto-observaci\u00f3n, para facilitar el an\u00e1lisis y conciencia individuales de debilidades y fortalezas en comunicaci\u00f3n.<\/li>\n<\/ul>\n<h3><strong>Dirigido a<\/strong><\/h3>\n<ul>\n<li>Cualquier persona que quiera desarrollar distintas t\u00e9cnicas y habilidades.<\/li>\n<\/ul>\n<h3><strong>Contenido tem\u00e1tico<\/strong><\/h3>\n<ul>\n<li>Modelo de la comunicaci\u00f3n humana.<\/li>\n<li>Importancia de la comunicaci\u00f3n.<\/li>\n<li>Diferencia entre informaci\u00f3n y comunicaci\u00f3n.<\/li>\n<li>Barreras o interferencias en la comunicaci\u00f3n.<\/li>\n<li>Escucha emp\u00e1tica.<\/li>\n<li>Comunicaci\u00f3n asertiva.<\/li>\n<li>Niveles de la comunicaci\u00f3n.<\/li>\n<li>Direcci\u00f3n de la comunicaci\u00f3n.<\/li>\n<li>La asertividad o la capacidad de transmitir un mensaje.<\/li>\n<li>La empat\u00eda o la capacidad de escuchar activamente.<\/li>\n<li>Retroalimentaci\u00f3n de la comunicaci\u00f3n y confrontaci\u00f3n positiva.<\/li>\n<li>La negociaci\u00f3n asertiva como un m\u00e9todo de resoluci\u00f3n de conflictos.<\/li>\n<li>Ejercicios pr\u00e1cticos.<\/li>\n<\/ul>\n<h3><strong>Duraci\u00f3n<\/strong><\/h3>\n<p>El programa consta de 8 horas<\/p>\n<h3><strong>Cupo<\/strong><\/h3>\n<ul>\n<li>Adaptable a las necesidades de la empresa solicitante.<\/li>\n<\/ul>[\/et_pb_accordion_item][et_pb_accordion_item title=\u00bbFormaci\u00f3n de vendedores\u00bb _builder_version=\u00bb4.2.2&#8243; hover_enabled=\u00bb0&#8243; open=\u00bbon\u00bb toggle_text_color=\u00bb#000000&#8243;]<h3><strong>Objetivo<\/strong><\/h3>\n<ul>\n<li>Aumentar en determinado tanto por ciento el volumen de ventas.<\/li>\n<li>Aumentar la imagen de la empresa en el mercado.<\/li>\n<li>Superar a la competencia.<\/li>\n<li>Incrementar o mejorar el servicio postventa.<\/li>\n<\/ul>\n<h3><strong>Dirigido a<\/strong><\/h3>\n<ul>\n<li>Todas las personas y empresas que necesiten conocer y aplicar las t\u00e9cnicas para mejorar la prestaci\u00f3n de servicios de atenci\u00f3n a clientes.<\/li>\n<\/ul>\n<h3><strong>Contenido tem\u00e1tico<\/strong><\/h3>\n<ul>\n<li>M\u00f3dulo 1: Psicolog\u00eda de las ventas.<\/li>\n<li>M\u00f3dulo 2: Calidez humana en el servicio.<\/li>\n<li>M\u00f3dulo 3: Estrategias de ventas.<\/li>\n<\/ul>\n<h3><strong>Duraci\u00f3n<\/strong><\/h3>\n<p>El programa consta de 24 horas distribuidas de la siguiente manera:\u00a0<\/p>\n<ul>\n<li>M\u00f3dulo 1: 8 horas<\/li>\n<li>M\u00f3dulo 2: 8 horas.<\/li>\n<li>M\u00f3dulo 3: 8 horas.<\/li>\n<\/ul>\n<h3><strong>Cupo<\/strong><\/h3>\n<ul>\n<li>Adaptable a las necesidades de la empresa solicitante.<\/li>\n<\/ul>[\/et_pb_accordion_item][et_pb_accordion_item title=\u00bbDesarrollo organizacional\u00bb _builder_version=\u00bb4.2.2&#8243; hover_enabled=\u00bb0&#8243; open=\u00bboff\u00bb toggle_text_color=\u00bb#000000&#8243;]<h3><strong>Objetivo<\/strong><\/h3>\n<ul>\n<li>Conocer las herramientas necesarias para sensibilizar al participante hacia la integraci\u00f3n en su equipo de trabajo, as\u00ed como las habilidades b\u00e1sicas para el cumplimiento de los objetivos organizacionales.<\/li>\n<li>Aprender a trabajar de forma efectiva como equipo, adquirir habilidades y capacidades especiales necesarias para el desempe\u00f1o arm\u00f3nico de su labor.<\/li>\n<li>Desarrollar la observaci\u00f3n, retroalimentaci\u00f3n y auto-observaci\u00f3n, para tener una buena comunicaci\u00f3n interpersonal.<\/li>\n<\/ul>\n<h3><strong>Dirigido a<\/strong><\/h3>\n<ul>\n<li>Supervisores, jefes de \u00e1rea, l\u00edderes de equipo, y toda persona que tenga personal a cargo o que est\u00e9 incluida en un grupo o equipo de trabajo.<\/li>\n<\/ul>\n<h3><strong>Contenido tem\u00e1tico<\/strong><\/h3>\n<ul>\n<li>Comunicaci\u00f3n.<\/li>\n<li>Conceptos y fundamentos del trabajo en equipo.<\/li>\n<li>Las \u201c5 C\u201d.<\/li>\n<\/ul>\n<h3><strong>Duraci\u00f3n<\/strong><\/h3>\n<p>El programa consta de 24 horas distribuidas de la siguiente manera:<\/p>\n<ul>\n<li>Capacitaci\u00f3n te\u00f3rica, 20 horas.<\/li>\n<li>Pr\u00e1ctica y evaluaci\u00f3n, 4 horas.<\/li>\n<\/ul>\n<h3><strong>Cupo<\/strong><\/h3>\n<ul>\n<li>Adaptable a las necesidades de la empresa solicitante.<\/li>\n<\/ul>[\/et_pb_accordion_item][et_pb_accordion_item title=\u00bbEstrategias de ventas\u00bb _builder_version=\u00bb4.2.2&#8243; hover_enabled=\u00bb0&#8243; open=\u00bboff\u00bb toggle_text_color=\u00bb#000000&#8243;]<h3><strong>Objetivo<\/strong><\/h3>\n<ul>\n<li>Aumentar en determinado tanto por ciento el volumen de ventas.<\/li>\n<li>Aumentar la imagen de la empresa en el mercado.<\/li>\n<li>Superar a la competencia.<\/li>\n<li>Incrementar o mejorar el servicio postventa.<\/li>\n<\/ul>\n<h3><strong>Dirigido a<\/strong><\/h3>\n<p>Vendedores, a todas las personas y empresas que necesiten conocer y aplicar las t\u00e9cnicas para mejorar la presentaci\u00f3n de servicios de atenci\u00f3n a clientes.<\/p>\n<h3><strong>Contenido tem\u00e1tico<\/strong><\/h3>\n<ul>\n<li>Significado de ventas.<\/li>\n<li>Componentes de las ventas.<\/li>\n<li>El proceso de ventas (los 5 pasos).<\/li>\n<li>Programa de superaci\u00f3n personal.<\/li>\n<\/ul>\n<h3><strong>Duraci\u00f3n<\/strong><\/h3>\n<p>El programa consta de 8 horas<\/p>\n<h3><strong>Cupo<\/strong><\/h3>\n<p>Adaptable a las necesidades de la empresa solicitante.<\/p>[\/et_pb_accordion_item][\/et_pb_accordion][\/et_pb_column][\/et_pb_row][\/et_pb_section][et_pb_section fb_built=\u00bb1&#8243; _builder_version=\u00bb4.2.2&#8243; background_color=\u00bb#000000&#8243; custom_padding=\u00bb54px|0px|0|0px|false|false\u00bb global_module=\u00bb139&#8243; saved_tabs=\u00bball\u00bb][et_pb_row column_structure=\u00bb1_5,1_5,1_5,1_5,1_5&#8243; module_class=\u00bb et_pb_row_fullwidth\u00bb _builder_version=\u00bb3.25&#8243; width=\u00bb89%\u00bb width_tablet=\u00bb80%\u00bb width_phone=\u00bb\u00bb width_last_edited=\u00bbon|desktop\u00bb max_width=\u00bb89%\u00bb max_width_tablet=\u00bb80%\u00bb max_width_phone=\u00bb\u00bb max_width_last_edited=\u00bbon|desktop\u00bb make_fullwidth=\u00bbon\u00bb][et_pb_column type=\u00bb1_5&#8243; _builder_version=\u00bb3.25&#8243; custom_padding=\u00bb|||\u00bb custom_padding__hover=\u00bb|||\u00bb][et_pb_blurb title=\u00bbCont\u00e1ctenos\u00bb use_icon=\u00bbon\u00bb font_icon=\u00bb%%264%%\u00bb icon_placement=\u00bbleft\u00bb use_icon_font_size=\u00bbon\u00bb icon_font_size=\u00bb32px\u00bb _builder_version=\u00bb4.2.2&#8243; header_font=\u00bbOswald||||||||\u00bb header_text_color=\u00bbrgba(255,255,255,0.7)\u00bb header_font_size=\u00bb24px\u00bb body_font=\u00bb||||||||\u00bb body_text_color=\u00bbrgba(255,255,255,0.7)\u00bb custom_margin=\u00bb||14px\u00bb][\/et_pb_blurb][et_pb_button button_url=\u00bbtel:6144824444&#8243; url_new_window=\u00bbon\u00bb button_text=\u00bb614 482 4444&#8243; button_alignment=\u00bbleft\u00bb _builder_version=\u00bb4.2.2&#8243; custom_button=\u00bbon\u00bb button_text_size=\u00bb18px\u00bb button_text_color=\u00bb#ffffff\u00bb button_bg_color=\u00bb#2c2c2c\u00bb button_border_width=\u00bb0px\u00bb button_border_color=\u00bb#6d6e71&#8243; button_font=\u00bb||||||||\u00bb button_icon=\u00bb%%264%%\u00bb button_icon_color=\u00bb#ffffff\u00bb button_icon_placement=\u00bbleft\u00bb custom_margin=\u00bb|||16px\u00bb][\/et_pb_button][\/et_pb_column][et_pb_column type=\u00bb1_5&#8243; _builder_version=\u00bb3.25&#8243; custom_padding=\u00bb|||\u00bb custom_padding__hover=\u00bb|||\u00bb][et_pb_blurb title=\u00bbUbicaci\u00f3n\u00bb use_icon=\u00bbon\u00bb font_icon=\u00bb%%251%%\u00bb icon_color=\u00bb#962649&#8243; icon_placement=\u00bbleft\u00bb use_icon_font_size=\u00bbon\u00bb icon_font_size=\u00bb32px\u00bb _builder_version=\u00bb4.2.2&#8243; header_font=\u00bbOswald||||||||\u00bb header_text_color=\u00bbrgba(255,255,255,0.7)\u00bb header_font_size=\u00bb24px\u00bb body_font=\u00bb||||||||\u00bb body_text_color=\u00bbrgba(255,255,255,0.7)\u00bb custom_padding=\u00bb|||18px||\u00bb]<p>Av. Ignacio Zaragoza 2903, Zona Industrial Nombre de Dios Chihuahua, Chihuahua 31105<\/p>[\/et_pb_blurb][\/et_pb_column][et_pb_column type=\u00bb1_5&#8243; _builder_version=\u00bb3.25&#8243; custom_padding=\u00bb|||\u00bb custom_padding__hover=\u00bb|||\u00bb][et_pb_blurb title=\u00bbCursos\u00bb use_icon=\u00bbon\u00bb font_icon=\u00bb%%16%%\u00bb icon_placement=\u00bbleft\u00bb use_icon_font_size=\u00bbon\u00bb icon_font_size=\u00bb32px\u00bb _builder_version=\u00bb4.2.2&#8243; header_font=\u00bbOswald||||||||\u00bb header_text_color=\u00bbrgba(255,255,255,0.7)\u00bb header_font_size=\u00bb24px\u00bb body_font=\u00bb|||on|||||\u00bb body_text_color=\u00bb#962649&#8243; background_layout=\u00bbdark\u00bb]<ul>\n<li><a href=\"https:\/\/www.capacitacionkeila.com\/registro-stps\/\"><span style=\"color: #999999;\"><\/span>Seguridad<\/a><\/li>\n<li><a href=\"https:\/\/www.capacitacionkeila.com\/proteccion-civil\/\">Protecci\u00f3n Civil<\/a><\/li>\n<li><a href=\"https:\/\/www.capacitacionkeila.com\/desarrollo-humano\/\">Capital Humano<\/a><\/li>\n<\/ul>[\/et_pb_blurb][\/et_pb_column][et_pb_column type=\u00bb1_5&#8243; _builder_version=\u00bb3.25&#8243; custom_padding=\u00bb|||\u00bb custom_padding__hover=\u00bb|||\u00bb][et_pb_image src=\u00bbhttps:\/\/www.capacitacionkeila.com\/site\/wp-content\/uploads\/2019\/01\/grupo-keila.png\u00bb url=\u00bbhttp:\/\/www.grupokeila.com\u00bb align=\u00bbcenter\u00bb align_tablet=\u00bbcenter\u00bb align_phone=\u00bb\u00bb align_last_edited=\u00bbon|desktop\u00bb _builder_version=\u00bb3.23&#8243; custom_padding=\u00bb28px||\u00bb][\/et_pb_image][dsm_perspective_image _builder_version=\u00bb4.0.5&#8243;][\/dsm_perspective_image][\/et_pb_column][et_pb_column type=\u00bb1_5&#8243; _builder_version=\u00bb3.25&#8243; custom_padding=\u00bb|||\u00bb custom_padding__hover=\u00bb|||\u00bb][et_pb_image src=\u00bbhttps:\/\/www.capacitacionkeila.com\/site\/wp-content\/uploads\/2019\/02\/footer-conocer.png\u00bb align=\u00bbcenter\u00bb align_tablet=\u00bbcenter\u00bb align_phone=\u00bb\u00bb align_last_edited=\u00bbon|desktop\u00bb _builder_version=\u00bb3.23&#8243;][\/et_pb_image][\/et_pb_column][\/et_pb_row][\/et_pb_section]\n","protected":false},"excerpt":{"rendered":"","protected":false},"author":1,"featured_media":0,"parent":0,"menu_order":0,"comment_status":"closed","ping_status":"closed","template":"","meta":{"_et_pb_use_builder":"on","_et_pb_old_content":"","_et_gb_content_width":"","inline_featured_image":false},"yoast_head":"<!-- This site is optimized with the Yoast SEO plugin v20.6 - https:\/\/yoast.com\/wordpress\/plugins\/seo\/ -->\n<title>\ud83e\udd47Cursos para Desarrollo de Capital Humano en Chihuahua<\/title>\n<meta name=\"description\" content=\"Desarrollamos a trav\u00e9s de nuestros cursos su capital humano. Siempre teniendo presente los m\u00e1s importante para usted y su empresa.\" \/>\n<meta name=\"robots\" content=\"index, follow, max-snippet:-1, max-image-preview:large, max-video-preview:-1\" \/>\n<link rel=\"canonical\" href=\"https:\/\/capacitacionkeila.com\/site\/desarrollo-humano\/\" \/>\n<meta property=\"og:locale\" content=\"es_ES\" \/>\n<meta property=\"og:type\" content=\"article\" \/>\n<meta property=\"og:title\" content=\"\ud83e\udd47Cursos para Desarrollo de Capital Humano en Chihuahua\" \/>\n<meta property=\"og:description\" content=\"Desarrollamos a trav\u00e9s de nuestros cursos su capital humano. Siempre teniendo presente los m\u00e1s importante para usted y su empresa.\" \/>\n<meta property=\"og:url\" content=\"https:\/\/capacitacionkeila.com\/site\/desarrollo-humano\/\" \/>\n<meta property=\"og:site_name\" content=\"CE Keila\" \/>\n<meta property=\"article:publisher\" content=\"https:\/\/www.facebook.com\/CEKEILACUU\/\" \/>\n<meta property=\"article:modified_time\" content=\"2020-03-27T23:20:15+00:00\" \/>\n<meta name=\"twitter:card\" content=\"summary_large_image\" \/>\n<meta name=\"twitter:label1\" content=\"Tiempo de lectura\" \/>\n\t<meta name=\"twitter:data1\" content=\"8 minutos\" \/>\n<script type=\"application\/ld+json\" class=\"yoast-schema-graph\">{\"@context\":\"https:\/\/schema.org\",\"@graph\":[{\"@type\":\"WebPage\",\"@id\":\"https:\/\/capacitacionkeila.com\/site\/desarrollo-humano\/\",\"url\":\"https:\/\/capacitacionkeila.com\/site\/desarrollo-humano\/\",\"name\":\"\ud83e\udd47Cursos para Desarrollo de Capital Humano en Chihuahua\",\"isPartOf\":{\"@id\":\"https:\/\/capacitacionkeila.com\/site\/#website\"},\"datePublished\":\"2019-02-28T00:08:41+00:00\",\"dateModified\":\"2020-03-27T23:20:15+00:00\",\"description\":\"Desarrollamos a trav\u00e9s de nuestros cursos su capital humano. Siempre teniendo presente los m\u00e1s importante para usted y su empresa.\",\"breadcrumb\":{\"@id\":\"https:\/\/capacitacionkeila.com\/site\/desarrollo-humano\/#breadcrumb\"},\"inLanguage\":\"es\",\"potentialAction\":[{\"@type\":\"ReadAction\",\"target\":[\"https:\/\/capacitacionkeila.com\/site\/desarrollo-humano\/\"]}]},{\"@type\":\"BreadcrumbList\",\"@id\":\"https:\/\/capacitacionkeila.com\/site\/desarrollo-humano\/#breadcrumb\",\"itemListElement\":[{\"@type\":\"ListItem\",\"position\":1,\"name\":\"Portada\",\"item\":\"https:\/\/capacitacionkeila.com\/site\/\"},{\"@type\":\"ListItem\",\"position\":2,\"name\":\"Capital Humano\"}]},{\"@type\":\"WebSite\",\"@id\":\"https:\/\/capacitacionkeila.com\/site\/#website\",\"url\":\"https:\/\/capacitacionkeila.com\/site\/\",\"name\":\"CE Keila\",\"description\":\"Cursos de Capacitaci\u00f3n\",\"publisher\":{\"@id\":\"https:\/\/capacitacionkeila.com\/site\/#organization\"},\"potentialAction\":[{\"@type\":\"SearchAction\",\"target\":{\"@type\":\"EntryPoint\",\"urlTemplate\":\"https:\/\/capacitacionkeila.com\/site\/?s={search_term_string}\"},\"query-input\":\"required name=search_term_string\"}],\"inLanguage\":\"es\"},{\"@type\":\"Organization\",\"@id\":\"https:\/\/capacitacionkeila.com\/site\/#organization\",\"name\":\"Capacitacion Keila\",\"url\":\"https:\/\/capacitacionkeila.com\/site\/\",\"logo\":{\"@type\":\"ImageObject\",\"inLanguage\":\"es\",\"@id\":\"https:\/\/capacitacionkeila.com\/site\/#\/schema\/logo\/image\/\",\"url\":\"https:\/\/capacitacionkeila.com\/site\/site\/wp-content\/uploads\/2020\/01\/Ce-Keila.Oficial-Sin-Fondo.png\",\"contentUrl\":\"https:\/\/capacitacionkeila.com\/site\/site\/wp-content\/uploads\/2020\/01\/Ce-Keila.Oficial-Sin-Fondo.png\",\"width\":3300,\"height\":2550,\"caption\":\"Capacitacion Keila\"},\"image\":{\"@id\":\"https:\/\/capacitacionkeila.com\/site\/#\/schema\/logo\/image\/\"},\"sameAs\":[\"https:\/\/www.facebook.com\/CEKEILACUU\/\",\"https:\/\/www.instagram.com\/ce_keila\/\",\"https:\/\/www.linkedin.com\/company\/14844642\/admin\/\"]}]}<\/script>\n<!-- \/ Yoast SEO plugin. -->","yoast_head_json":{"title":"\ud83e\udd47Cursos para Desarrollo de Capital Humano en Chihuahua","description":"Desarrollamos a trav\u00e9s de nuestros cursos su capital humano. Siempre teniendo presente los m\u00e1s importante para usted y su empresa.","robots":{"index":"index","follow":"follow","max-snippet":"max-snippet:-1","max-image-preview":"max-image-preview:large","max-video-preview":"max-video-preview:-1"},"canonical":"https:\/\/capacitacionkeila.com\/site\/desarrollo-humano\/","og_locale":"es_ES","og_type":"article","og_title":"\ud83e\udd47Cursos para Desarrollo de Capital Humano en Chihuahua","og_description":"Desarrollamos a trav\u00e9s de nuestros cursos su capital humano. Siempre teniendo presente los m\u00e1s importante para usted y su empresa.","og_url":"https:\/\/capacitacionkeila.com\/site\/desarrollo-humano\/","og_site_name":"CE Keila","article_publisher":"https:\/\/www.facebook.com\/CEKEILACUU\/","article_modified_time":"2020-03-27T23:20:15+00:00","twitter_card":"summary_large_image","twitter_misc":{"Tiempo de lectura":"8 minutos"},"schema":{"@context":"https:\/\/schema.org","@graph":[{"@type":"WebPage","@id":"https:\/\/capacitacionkeila.com\/site\/desarrollo-humano\/","url":"https:\/\/capacitacionkeila.com\/site\/desarrollo-humano\/","name":"\ud83e\udd47Cursos para Desarrollo de Capital Humano en Chihuahua","isPartOf":{"@id":"https:\/\/capacitacionkeila.com\/site\/#website"},"datePublished":"2019-02-28T00:08:41+00:00","dateModified":"2020-03-27T23:20:15+00:00","description":"Desarrollamos a trav\u00e9s de nuestros cursos su capital humano. Siempre teniendo presente los m\u00e1s importante para usted y su empresa.","breadcrumb":{"@id":"https:\/\/capacitacionkeila.com\/site\/desarrollo-humano\/#breadcrumb"},"inLanguage":"es","potentialAction":[{"@type":"ReadAction","target":["https:\/\/capacitacionkeila.com\/site\/desarrollo-humano\/"]}]},{"@type":"BreadcrumbList","@id":"https:\/\/capacitacionkeila.com\/site\/desarrollo-humano\/#breadcrumb","itemListElement":[{"@type":"ListItem","position":1,"name":"Portada","item":"https:\/\/capacitacionkeila.com\/site\/"},{"@type":"ListItem","position":2,"name":"Capital Humano"}]},{"@type":"WebSite","@id":"https:\/\/capacitacionkeila.com\/site\/#website","url":"https:\/\/capacitacionkeila.com\/site\/","name":"CE Keila","description":"Cursos de Capacitaci\u00f3n","publisher":{"@id":"https:\/\/capacitacionkeila.com\/site\/#organization"},"potentialAction":[{"@type":"SearchAction","target":{"@type":"EntryPoint","urlTemplate":"https:\/\/capacitacionkeila.com\/site\/?s={search_term_string}"},"query-input":"required name=search_term_string"}],"inLanguage":"es"},{"@type":"Organization","@id":"https:\/\/capacitacionkeila.com\/site\/#organization","name":"Capacitacion Keila","url":"https:\/\/capacitacionkeila.com\/site\/","logo":{"@type":"ImageObject","inLanguage":"es","@id":"https:\/\/capacitacionkeila.com\/site\/#\/schema\/logo\/image\/","url":"https:\/\/capacitacionkeila.com\/site\/site\/wp-content\/uploads\/2020\/01\/Ce-Keila.Oficial-Sin-Fondo.png","contentUrl":"https:\/\/capacitacionkeila.com\/site\/site\/wp-content\/uploads\/2020\/01\/Ce-Keila.Oficial-Sin-Fondo.png","width":3300,"height":2550,"caption":"Capacitacion Keila"},"image":{"@id":"https:\/\/capacitacionkeila.com\/site\/#\/schema\/logo\/image\/"},"sameAs":["https:\/\/www.facebook.com\/CEKEILACUU\/","https:\/\/www.instagram.com\/ce_keila\/","https:\/\/www.linkedin.com\/company\/14844642\/admin\/"]}]}},"_links":{"self":[{"href":"https:\/\/capacitacionkeila.com\/site\/wp-json\/wp\/v2\/pages\/525"}],"collection":[{"href":"https:\/\/capacitacionkeila.com\/site\/wp-json\/wp\/v2\/pages"}],"about":[{"href":"https:\/\/capacitacionkeila.com\/site\/wp-json\/wp\/v2\/types\/page"}],"author":[{"embeddable":true,"href":"https:\/\/capacitacionkeila.com\/site\/wp-json\/wp\/v2\/users\/1"}],"replies":[{"embeddable":true,"href":"https:\/\/capacitacionkeila.com\/site\/wp-json\/wp\/v2\/comments?post=525"}],"version-history":[{"count":11,"href":"https:\/\/capacitacionkeila.com\/site\/wp-json\/wp\/v2\/pages\/525\/revisions"}],"predecessor-version":[{"id":1072,"href":"https:\/\/capacitacionkeila.com\/site\/wp-json\/wp\/v2\/pages\/525\/revisions\/1072"}],"wp:attachment":[{"href":"https:\/\/capacitacionkeila.com\/site\/wp-json\/wp\/v2\/media?parent=525"}],"curies":[{"name":"wp","href":"https:\/\/api.w.org\/{rel}","templated":true}]}}