{"id":154,"date":"2019-01-08T19:00:11","date_gmt":"2019-01-08T19:00:11","guid":{"rendered":"https:\/\/www.capacitacionkeila.com\/site\/?page_id=154"},"modified":"2020-03-27T16:30:29","modified_gmt":"2020-03-27T23:30:29","slug":"nosotros","status":"publish","type":"page","link":"https:\/\/capacitacionkeila.com\/site\/nosotros\/","title":{"rendered":"Nosotros"},"content":{"rendered":"\n[et_pb_section fb_built=\u00bb1&#8243; _builder_version=\u00bb4.2.2&#8243; background_color=\u00bb#000000&#8243; custom_margin=\u00bb||\u00bb custom_padding=\u00bb0|0px|0|0px|false|false\u00bb][et_pb_row _builder_version=\u00bb3.25&#8243; custom_padding=\u00bb0|0px|0|0px|false|false\u00bb hover_enabled=\u00bb0&#8243;][et_pb_column type=\u00bb4_4&#8243; _builder_version=\u00bb3.25&#8243; custom_padding=\u00bb|||\u00bb custom_padding__hover=\u00bb|||\u00bb][et_pb_post_title meta=\u00bboff\u00bb featured_image=\u00bboff\u00bb _builder_version=\u00bb3.19.4&#8243; title_font=\u00bbOswald||||||||\u00bb title_text_align=\u00bbcenter\u00bb title_text_color=\u00bb#ffffff\u00bb title_font_size=\u00bb36px\u00bb custom_margin=\u00bb10px||\u00bb custom_padding=\u00bb||\u00bb animation_style=\u00bbslide\u00bb hover_enabled=\u00bb0&#8243; text_color=\u00bblight\u00bb][\/et_pb_post_title][\/et_pb_column][\/et_pb_row][\/et_pb_section][et_pb_section fb_built=\u00bb1&#8243; _builder_version=\u00bb4.2.2&#8243; background_image=\u00bbhttps:\/\/www.capacitacionkeila.com\/site\/wp-content\/uploads\/2019\/01\/montacargas1.jpg\u00bb parallax=\u00bbon\u00bb parallax_method=\u00bboff\u00bb custom_padding=\u00bb119px|0px|119px|0px|true|false\u00bb top_divider_height_tablet=\u00bb\u00bb top_divider_height_phone=\u00bb25px\u00bb top_divider_height_last_edited=\u00bbon|phone\u00bb bottom_divider_height_tablet=\u00bb\u00bb bottom_divider_height_phone=\u00bb25px\u00bb bottom_divider_height_last_edited=\u00bbon|phone\u00bb hover_enabled=\u00bb0&#8243;][et_pb_row column_structure=\u00bb1_2,1_2&#8243; _builder_version=\u00bb3.25&#8243;][et_pb_column type=\u00bb1_2&#8243; _builder_version=\u00bb3.25&#8243; custom_padding=\u00bb|||\u00bb custom_padding__hover=\u00bb|||\u00bb][et_pb_blurb title=\u00bbMisi\u00f3n\u00bb _builder_version=\u00bb4.2.2&#8243; header_font=\u00bb|800||on|||||\u00bb header_text_align=\u00bbcenter\u00bb header_text_color=\u00bb#ffffff\u00bb header_font_size=\u00bb38px\u00bb body_font=\u00bb||||||||\u00bb body_text_color=\u00bb#ffffff\u00bb body_font_size=\u00bb18px\u00bb background_color=\u00bbrgba(44,44,44,0.83)\u00bb custom_padding=\u00bb25px|25px|25px|25px|true|true\u00bb animation_style=\u00bbslide\u00bb animation_direction=\u00bbleft\u00bb border_radii=\u00bbon|25px|25px|25px|25px\u00bb]<p>En <b>CE Keila <\/b>impulsamos el desarrollo integral del sector industrial a trav\u00e9s de nuestros servicios de Consultor\u00eda, Formaci\u00f3n y Certificaci\u00f3n de personal y equipo a trav\u00e9s de una solida infraestructura y cultura corporativa basada en servicio, calidad, seguridad y confianza.<\/p>[\/et_pb_blurb][\/et_pb_column][et_pb_column type=\u00bb1_2&#8243; _builder_version=\u00bb3.25&#8243; custom_padding=\u00bb|||\u00bb custom_padding__hover=\u00bb|||\u00bb][et_pb_blurb title=\u00bbVisi\u00f3n\u00bb _builder_version=\u00bb4.2.2&#8243; header_font=\u00bb|800||on|||||\u00bb header_text_align=\u00bbcenter\u00bb header_text_color=\u00bb#ffffff\u00bb header_font_size=\u00bb38px\u00bb body_font=\u00bb||||||||\u00bb body_text_color=\u00bb#ffffff\u00bb body_font_size=\u00bb18px\u00bb background_color=\u00bbrgba(44,44,44,0.83)\u00bb custom_padding=\u00bb25px|25px|25px|25px|true|true\u00bb animation_style=\u00bbslide\u00bb animation_direction=\u00bbright\u00bb animation_delay=\u00bb400ms\u00bb border_radii=\u00bbon|25px|25px|25px|25px\u00bb]<p>Ser una empresa con presencia nacional e internacional que brinde soluciones integrales con eficiencia y profesionalismo para cumplir con los requerimientos de nuestros clientes poniendo a sus disposici\u00f3n personal altamente capacitado y certificado, brindando un servicio de excelencia con los m\u00e1s altos est\u00e1ndares de calidad y seguridad.<\/p>[\/et_pb_blurb][\/et_pb_column][\/et_pb_row][\/et_pb_section][et_pb_section fb_built=\u00bb1&#8243; _builder_version=\u00bb3.22.3&#8243; custom_padding=\u00bb0|0px|0|0px|false|false\u00bb][et_pb_row column_structure=\u00bb1_3,1_3,1_3&#8243; module_class=\u00bb et_pb_row_fullwidth\u00bb _builder_version=\u00bb3.25&#8243; width=\u00bb89%\u00bb width_tablet=\u00bb80%\u00bb width_phone=\u00bb\u00bb width_last_edited=\u00bbon|desktop\u00bb max_width=\u00bb89%\u00bb max_width_tablet=\u00bb80%\u00bb max_width_phone=\u00bb\u00bb max_width_last_edited=\u00bbon|desktop\u00bb module_alignment=\u00bbcenter\u00bb custom_padding=\u00bb22px|0px|0|0px|false|false\u00bb hover_enabled=\u00bb0&#8243; make_fullwidth=\u00bbon\u00bb][et_pb_column type=\u00bb1_3&#8243; _builder_version=\u00bb3.25&#8243; custom_padding=\u00bb|||\u00bb custom_padding__hover=\u00bb|||\u00bb][et_pb_blurb image=\u00bbhttps:\/\/www.capacitacionkeila.com\/site\/wp-content\/uploads\/2019\/02\/icon10.jpg\u00bb image_max_width=\u00bb70%\u00bb _builder_version=\u00bb4.2.2&#8243; body_font=\u00bb||||||||\u00bb body_text_align=\u00bbcenter\u00bb body_font_size=\u00bb18px\u00bb hover_enabled=\u00bb0&#8243;]<p><b>CE Keila<\/b> es un Centro Especializado en la <strong>Capacitaci\u00f3n<\/strong> y <strong>Certificaci\u00f3n<\/strong> del recurso humano y maquinar\u00eda, impartici\u00f3n de cursos, pruebas no destructivas con metodolog\u00eda de vanguardia.<\/p>[\/et_pb_blurb][\/et_pb_column][et_pb_column type=\u00bb1_3&#8243; _builder_version=\u00bb3.25&#8243; custom_padding=\u00bb|||\u00bb custom_padding__hover=\u00bb|||\u00bb][et_pb_blurb image=\u00bbhttps:\/\/www.capacitacionkeila.com\/site\/wp-content\/uploads\/2019\/02\/icon14.jpg\u00bb image_max_width=\u00bb70%\u00bb _builder_version=\u00bb4.2.2&#8243; body_font=\u00bb||||||||\u00bb body_text_align=\u00bbcenter\u00bb body_font_size=\u00bb18px\u00bb hover_enabled=\u00bb0&#8243;]<p><strong>Ce Keila<\/strong> es un <strong>Centro de Evaluaci\u00f3n<\/strong> registrado ante la <strong>Red <span style=\"color: #ff0000;\">CONOCER<\/span>-SEP<\/strong>. Aplicando metodolog\u00eda basada en la certificaci\u00f3n por competencias.<\/p>[\/et_pb_blurb][\/et_pb_column][et_pb_column type=\u00bb1_3&#8243; _builder_version=\u00bb3.25&#8243; custom_padding=\u00bb|||\u00bb custom_padding__hover=\u00bb|||\u00bb][et_pb_blurb image=\u00bbhttps:\/\/www.capacitacionkeila.com\/site\/wp-content\/uploads\/2019\/02\/icon24.jpg\u00bb image_max_width=\u00bb70%\u00bb _builder_version=\u00bb4.2.2&#8243; body_font=\u00bb||||||||\u00bb body_text_align=\u00bbcenter\u00bb body_font_size=\u00bb18px\u00bb hover_enabled=\u00bb0&#8243; custom_padding=\u00bb||16px|||\u00bb]<p>Impartimos cursos obligatorios de los aspectos normativos ante <strong>STPS<\/strong>, de desarrollo humano.<\/p>\n<div class=\"et-fb-form__group\">\n<div class=\"et-fb-settings-options et-fb-option--yes-no_button\">\n<div class=\"et-fb-option-container\">\n<div class=\"et-core-control-toggle et-core-control-toggle--off\">\n<div class=\"et-core-control-toggle__label et-core-control-toggle__label--on\">\n<div class=\"et-core-control-toggle__text\">S\u00cd<\/div>\n<div class=\"et-core-control-toggle__handle\"><\/div>\n<\/div>\n<div class=\"et-core-control-toggle__label et-core-control-toggle__label--off\">\n<div class=\"et-core-control-toggle__text\"><\/div>\n<\/div>\n<\/div>\n<\/div>\n<\/div>\n<\/div>[\/et_pb_blurb][\/et_pb_column][\/et_pb_row][et_pb_row column_structure=\u00bb1_3,1_3,1_3&#8243; module_class=\u00bb et_pb_row_fullwidth\u00bb _builder_version=\u00bb3.25&#8243; width=\u00bb89%\u00bb width_tablet=\u00bb80%\u00bb width_phone=\u00bb\u00bb width_last_edited=\u00bbon|desktop\u00bb max_width=\u00bb89%\u00bb max_width_tablet=\u00bb80%\u00bb max_width_phone=\u00bb\u00bb max_width_last_edited=\u00bbon|desktop\u00bb module_alignment=\u00bbcenter\u00bb custom_padding=\u00bb22px|0px|0|0px|false|false\u00bb make_fullwidth=\u00bbon\u00bb][et_pb_column type=\u00bb1_3&#8243; _builder_version=\u00bb3.25&#8243; custom_padding=\u00bb|||\u00bb custom_padding__hover=\u00bb|||\u00bb][et_pb_blurb image=\u00bbhttps:\/\/www.capacitacionkeila.com\/site\/wp-content\/uploads\/2019\/02\/icon12.jpg\u00bb image_max_width=\u00bb70%\u00bb _builder_version=\u00bb4.2.2&#8243; body_font=\u00bb||||||||\u00bb body_text_align=\u00bbcenter\u00bb body_font_size=\u00bb18px\u00bb hover_enabled=\u00bb0&#8243;]<p>Ofrecemos cursos presenciales y online.<\/p>[\/et_pb_blurb][\/et_pb_column][et_pb_column type=\u00bb1_3&#8243; _builder_version=\u00bb3.25&#8243; custom_padding=\u00bb|||\u00bb custom_padding__hover=\u00bb|||\u00bb][et_pb_blurb image=\u00bbhttps:\/\/www.capacitacionkeila.com\/site\/wp-content\/uploads\/2019\/02\/icon11.jpg\u00bb image_max_width=\u00bb70%\u00bb _builder_version=\u00bb4.2.2&#8243; body_font=\u00bb||||||||\u00bb body_text_align=\u00bbcenter\u00bb body_font_size=\u00bb18px\u00bb hover_enabled=\u00bb0&#8243;]<p>Contamos con el respaldo de <strong>Grupo Keila<\/strong> desde hace 15 a\u00f1os, con sede en ciudad Chihuahua y\u00a0 presencia en otros Estados de la Rep\u00fablica.<\/p>[\/et_pb_blurb][\/et_pb_column][et_pb_column type=\u00bb1_3&#8243; _builder_version=\u00bb3.25&#8243; custom_padding=\u00bb|||\u00bb custom_padding__hover=\u00bb|||\u00bb][et_pb_blurb image=\u00bbhttps:\/\/www.capacitacionkeila.com\/site\/wp-content\/uploads\/2019\/02\/icon22.jpg\u00bb image_max_width=\u00bb70%\u00bb _builder_version=\u00bb4.2.2&#8243; body_font=\u00bb||||||||\u00bb body_text_align=\u00bbcenter\u00bb body_font_size=\u00bb18px\u00bb hover_enabled=\u00bb0&#8243;]<p>Certificamos maquinar\u00eda pesada ante la <strong>SCT<\/strong> y realizamos estudios de ultrasonido para garantizar la calidad de los procesos y trabajos.<\/p>[\/et_pb_blurb][\/et_pb_column][\/et_pb_row][et_pb_row module_class=\u00bb et_pb_row_fullwidth\u00bb _builder_version=\u00bb3.25&#8243; width=\u00bb89%\u00bb width_tablet=\u00bb80%\u00bb width_phone=\u00bb\u00bb width_last_edited=\u00bbon|desktop\u00bb max_width=\u00bb89%\u00bb max_width_tablet=\u00bb80%\u00bb max_width_phone=\u00bb\u00bb max_width_last_edited=\u00bbon|desktop\u00bb module_alignment=\u00bbcenter\u00bb custom_padding=\u00bb27px|0px|0|0px|false|false\u00bb make_fullwidth=\u00bbon\u00bb][et_pb_column type=\u00bb4_4&#8243; _builder_version=\u00bb3.25&#8243; custom_padding=\u00bb|||\u00bb custom_padding__hover=\u00bb|||\u00bb][et_pb_blurb title=\u00bbTu excelencia es nuestra estrategia\u00bb icon_font_size=\u00bb55px\u00bb _builder_version=\u00bb4.2.2&#8243; header_font=\u00bbOswald||||||||\u00bb header_text_align=\u00bbcenter\u00bb header_font_size=\u00bb35px\u00bb body_font=\u00bb||||||||\u00bb body_font_size=\u00bb16px\u00bb text_orientation=\u00bbjustified\u00bb hover_enabled=\u00bb0&#8243; custom_padding=\u00bb0px|||||\u00bb][\/et_pb_blurb][\/et_pb_column][\/et_pb_row][\/et_pb_section][et_pb_section fb_built=\u00bb1&#8243; _builder_version=\u00bb4.2.2&#8243; background_image=\u00bbhttps:\/\/www.capacitacionkeila.com\/site\/wp-content\/uploads\/2019\/01\/alturas10.jpg\u00bb parallax=\u00bbon\u00bb parallax_method=\u00bboff\u00bb custom_padding=\u00bb169px|0px|169px|0px|true|false\u00bb top_divider_height_tablet=\u00bb\u00bb top_divider_height_phone=\u00bb25px\u00bb top_divider_height_last_edited=\u00bbon|phone\u00bb bottom_divider_height_tablet=\u00bb\u00bb bottom_divider_height_phone=\u00bb25px\u00bb bottom_divider_height_last_edited=\u00bbon|phone\u00bb hover_enabled=\u00bb0&#8243;][\/et_pb_section][et_pb_section fb_built=\u00bb1&#8243; _builder_version=\u00bb4.2.2&#8243; background_color=\u00bb#000000&#8243; custom_padding=\u00bb54px|0px|0|0px|false|false\u00bb global_module=\u00bb139&#8243; saved_tabs=\u00bball\u00bb][et_pb_row column_structure=\u00bb1_5,1_5,1_5,1_5,1_5&#8243; module_class=\u00bb et_pb_row_fullwidth\u00bb _builder_version=\u00bb3.25&#8243; width=\u00bb89%\u00bb width_tablet=\u00bb80%\u00bb width_phone=\u00bb\u00bb width_last_edited=\u00bbon|desktop\u00bb max_width=\u00bb89%\u00bb max_width_tablet=\u00bb80%\u00bb max_width_phone=\u00bb\u00bb max_width_last_edited=\u00bbon|desktop\u00bb make_fullwidth=\u00bbon\u00bb][et_pb_column type=\u00bb1_5&#8243; _builder_version=\u00bb3.25&#8243; custom_padding=\u00bb|||\u00bb custom_padding__hover=\u00bb|||\u00bb][et_pb_blurb title=\u00bbCont\u00e1ctenos\u00bb use_icon=\u00bbon\u00bb font_icon=\u00bb%%264%%\u00bb icon_placement=\u00bbleft\u00bb use_icon_font_size=\u00bbon\u00bb icon_font_size=\u00bb32px\u00bb _builder_version=\u00bb4.2.2&#8243; header_font=\u00bbOswald||||||||\u00bb header_text_color=\u00bbrgba(255,255,255,0.7)\u00bb header_font_size=\u00bb24px\u00bb body_font=\u00bb||||||||\u00bb body_text_color=\u00bbrgba(255,255,255,0.7)\u00bb custom_margin=\u00bb||14px\u00bb][\/et_pb_blurb][et_pb_button button_url=\u00bbtel:6144824444&#8243; url_new_window=\u00bbon\u00bb button_text=\u00bb614 482 4444&#8243; button_alignment=\u00bbleft\u00bb _builder_version=\u00bb4.2.2&#8243; custom_button=\u00bbon\u00bb button_text_size=\u00bb18px\u00bb button_text_color=\u00bb#ffffff\u00bb button_bg_color=\u00bb#2c2c2c\u00bb button_border_width=\u00bb0px\u00bb button_border_color=\u00bb#6d6e71&#8243; button_font=\u00bb||||||||\u00bb button_icon=\u00bb%%264%%\u00bb button_icon_color=\u00bb#ffffff\u00bb button_icon_placement=\u00bbleft\u00bb custom_margin=\u00bb|||16px\u00bb][\/et_pb_button][\/et_pb_column][et_pb_column type=\u00bb1_5&#8243; _builder_version=\u00bb3.25&#8243; custom_padding=\u00bb|||\u00bb custom_padding__hover=\u00bb|||\u00bb][et_pb_blurb title=\u00bbUbicaci\u00f3n\u00bb use_icon=\u00bbon\u00bb font_icon=\u00bb%%251%%\u00bb icon_color=\u00bb#962649&#8243; icon_placement=\u00bbleft\u00bb use_icon_font_size=\u00bbon\u00bb icon_font_size=\u00bb32px\u00bb _builder_version=\u00bb4.2.2&#8243; header_font=\u00bbOswald||||||||\u00bb header_text_color=\u00bbrgba(255,255,255,0.7)\u00bb header_font_size=\u00bb24px\u00bb body_font=\u00bb||||||||\u00bb body_text_color=\u00bbrgba(255,255,255,0.7)\u00bb custom_padding=\u00bb|||18px||\u00bb]<p>Av. Ignacio Zaragoza 2903, Zona Industrial Nombre de Dios Chihuahua, Chihuahua 31105<\/p>[\/et_pb_blurb][\/et_pb_column][et_pb_column type=\u00bb1_5&#8243; _builder_version=\u00bb3.25&#8243; custom_padding=\u00bb|||\u00bb custom_padding__hover=\u00bb|||\u00bb][et_pb_blurb title=\u00bbCursos\u00bb use_icon=\u00bbon\u00bb font_icon=\u00bb%%16%%\u00bb icon_placement=\u00bbleft\u00bb use_icon_font_size=\u00bbon\u00bb icon_font_size=\u00bb32px\u00bb _builder_version=\u00bb4.2.2&#8243; header_font=\u00bbOswald||||||||\u00bb header_text_color=\u00bbrgba(255,255,255,0.7)\u00bb header_font_size=\u00bb24px\u00bb body_font=\u00bb|||on|||||\u00bb body_text_color=\u00bb#962649&#8243; background_layout=\u00bbdark\u00bb]<ul>\n<li><a href=\"https:\/\/www.capacitacionkeila.com\/registro-stps\/\"><span style=\"color: #999999;\"><\/span>Seguridad<\/a><\/li>\n<li><a href=\"https:\/\/www.capacitacionkeila.com\/proteccion-civil\/\">Protecci\u00f3n Civil<\/a><\/li>\n<li><a href=\"https:\/\/www.capacitacionkeila.com\/desarrollo-humano\/\">Capital Humano<\/a><\/li>\n<\/ul>[\/et_pb_blurb][\/et_pb_column][et_pb_column type=\u00bb1_5&#8243; _builder_version=\u00bb3.25&#8243; custom_padding=\u00bb|||\u00bb custom_padding__hover=\u00bb|||\u00bb][et_pb_image src=\u00bbhttps:\/\/www.capacitacionkeila.com\/site\/wp-content\/uploads\/2019\/01\/grupo-keila.png\u00bb url=\u00bbhttp:\/\/www.grupokeila.com\u00bb align=\u00bbcenter\u00bb align_tablet=\u00bbcenter\u00bb align_phone=\u00bb\u00bb align_last_edited=\u00bbon|desktop\u00bb _builder_version=\u00bb3.23&#8243; custom_padding=\u00bb28px||\u00bb][\/et_pb_image][dsm_perspective_image _builder_version=\u00bb4.0.5&#8243;][\/dsm_perspective_image][\/et_pb_column][et_pb_column type=\u00bb1_5&#8243; _builder_version=\u00bb3.25&#8243; custom_padding=\u00bb|||\u00bb custom_padding__hover=\u00bb|||\u00bb][et_pb_image src=\u00bbhttps:\/\/www.capacitacionkeila.com\/site\/wp-content\/uploads\/2019\/02\/footer-conocer.png\u00bb align=\u00bbcenter\u00bb align_tablet=\u00bbcenter\u00bb align_phone=\u00bb\u00bb align_last_edited=\u00bbon|desktop\u00bb _builder_version=\u00bb3.23&#8243;][\/et_pb_image][\/et_pb_column][\/et_pb_row][\/et_pb_section]\n","protected":false},"excerpt":{"rendered":"","protected":false},"author":1,"featured_media":0,"parent":0,"menu_order":0,"comment_status":"closed","ping_status":"closed","template":"","meta":{"_et_pb_use_builder":"on","_et_pb_old_content":"","_et_gb_content_width":"","inline_featured_image":false},"yoast_head":"<!-- This site is optimized with the Yoast SEO plugin v20.6 - https:\/\/yoast.com\/wordpress\/plugins\/seo\/ -->\n<title>Centro Especializado en la Capacitaci\u00f3n y Certificaci\u00f3n<\/title>\n<meta name=\"description\" content=\"CE Keila es un Centro Especializado en la Capacitaci\u00f3n y Certificaci\u00f3n del recurso humano y maquinar\u00eda, impartici\u00f3n de cursos.\" \/>\n<meta name=\"robots\" content=\"index, follow, max-snippet:-1, max-image-preview:large, max-video-preview:-1\" \/>\n<link rel=\"canonical\" href=\"https:\/\/capacitacionkeila.com\/site\/nosotros\/\" \/>\n<meta property=\"og:locale\" content=\"es_ES\" \/>\n<meta property=\"og:type\" content=\"article\" \/>\n<meta property=\"og:title\" content=\"Centro Especializado en la Capacitaci\u00f3n y Certificaci\u00f3n\" \/>\n<meta property=\"og:description\" content=\"CE Keila es un Centro Especializado en la Capacitaci\u00f3n y Certificaci\u00f3n del recurso humano y maquinar\u00eda, impartici\u00f3n de cursos.\" \/>\n<meta property=\"og:url\" content=\"https:\/\/capacitacionkeila.com\/site\/nosotros\/\" \/>\n<meta property=\"og:site_name\" content=\"CE Keila\" \/>\n<meta property=\"article:publisher\" content=\"https:\/\/www.facebook.com\/CEKEILACUU\/\" \/>\n<meta property=\"article:modified_time\" content=\"2020-03-27T23:30:29+00:00\" \/>\n<meta name=\"twitter:card\" content=\"summary_large_image\" \/>\n<meta name=\"twitter:label1\" content=\"Tiempo de lectura\" \/>\n\t<meta name=\"twitter:data1\" content=\"8 minutos\" \/>\n<script type=\"application\/ld+json\" class=\"yoast-schema-graph\">{\"@context\":\"https:\/\/schema.org\",\"@graph\":[{\"@type\":\"WebPage\",\"@id\":\"https:\/\/capacitacionkeila.com\/site\/nosotros\/\",\"url\":\"https:\/\/capacitacionkeila.com\/site\/nosotros\/\",\"name\":\"Centro Especializado en la Capacitaci\u00f3n y Certificaci\u00f3n\",\"isPartOf\":{\"@id\":\"https:\/\/capacitacionkeila.com\/site\/#website\"},\"datePublished\":\"2019-01-08T19:00:11+00:00\",\"dateModified\":\"2020-03-27T23:30:29+00:00\",\"description\":\"CE Keila es un Centro Especializado en la Capacitaci\u00f3n y Certificaci\u00f3n del recurso humano y maquinar\u00eda, impartici\u00f3n de cursos.\",\"breadcrumb\":{\"@id\":\"https:\/\/capacitacionkeila.com\/site\/nosotros\/#breadcrumb\"},\"inLanguage\":\"es\",\"potentialAction\":[{\"@type\":\"ReadAction\",\"target\":[\"https:\/\/capacitacionkeila.com\/site\/nosotros\/\"]}]},{\"@type\":\"BreadcrumbList\",\"@id\":\"https:\/\/capacitacionkeila.com\/site\/nosotros\/#breadcrumb\",\"itemListElement\":[{\"@type\":\"ListItem\",\"position\":1,\"name\":\"Portada\",\"item\":\"https:\/\/capacitacionkeila.com\/site\/\"},{\"@type\":\"ListItem\",\"position\":2,\"name\":\"Nosotros\"}]},{\"@type\":\"WebSite\",\"@id\":\"https:\/\/capacitacionkeila.com\/site\/#website\",\"url\":\"https:\/\/capacitacionkeila.com\/site\/\",\"name\":\"CE Keila\",\"description\":\"Cursos de Capacitaci\u00f3n\",\"publisher\":{\"@id\":\"https:\/\/capacitacionkeila.com\/site\/#organization\"},\"potentialAction\":[{\"@type\":\"SearchAction\",\"target\":{\"@type\":\"EntryPoint\",\"urlTemplate\":\"https:\/\/capacitacionkeila.com\/site\/?s={search_term_string}\"},\"query-input\":\"required name=search_term_string\"}],\"inLanguage\":\"es\"},{\"@type\":\"Organization\",\"@id\":\"https:\/\/capacitacionkeila.com\/site\/#organization\",\"name\":\"Capacitacion Keila\",\"url\":\"https:\/\/capacitacionkeila.com\/site\/\",\"logo\":{\"@type\":\"ImageObject\",\"inLanguage\":\"es\",\"@id\":\"https:\/\/capacitacionkeila.com\/site\/#\/schema\/logo\/image\/\",\"url\":\"https:\/\/capacitacionkeila.com\/site\/site\/wp-content\/uploads\/2020\/01\/Ce-Keila.Oficial-Sin-Fondo.png\",\"contentUrl\":\"https:\/\/capacitacionkeila.com\/site\/site\/wp-content\/uploads\/2020\/01\/Ce-Keila.Oficial-Sin-Fondo.png\",\"width\":3300,\"height\":2550,\"caption\":\"Capacitacion Keila\"},\"image\":{\"@id\":\"https:\/\/capacitacionkeila.com\/site\/#\/schema\/logo\/image\/\"},\"sameAs\":[\"https:\/\/www.facebook.com\/CEKEILACUU\/\",\"https:\/\/www.instagram.com\/ce_keila\/\",\"https:\/\/www.linkedin.com\/company\/14844642\/admin\/\"]}]}<\/script>\n<!-- \/ Yoast SEO plugin. -->","yoast_head_json":{"title":"Centro Especializado en la Capacitaci\u00f3n y Certificaci\u00f3n","description":"CE Keila es un Centro Especializado en la Capacitaci\u00f3n y Certificaci\u00f3n del recurso humano y maquinar\u00eda, impartici\u00f3n de cursos.","robots":{"index":"index","follow":"follow","max-snippet":"max-snippet:-1","max-image-preview":"max-image-preview:large","max-video-preview":"max-video-preview:-1"},"canonical":"https:\/\/capacitacionkeila.com\/site\/nosotros\/","og_locale":"es_ES","og_type":"article","og_title":"Centro Especializado en la Capacitaci\u00f3n y Certificaci\u00f3n","og_description":"CE Keila es un Centro Especializado en la Capacitaci\u00f3n y Certificaci\u00f3n del recurso humano y maquinar\u00eda, impartici\u00f3n de cursos.","og_url":"https:\/\/capacitacionkeila.com\/site\/nosotros\/","og_site_name":"CE Keila","article_publisher":"https:\/\/www.facebook.com\/CEKEILACUU\/","article_modified_time":"2020-03-27T23:30:29+00:00","twitter_card":"summary_large_image","twitter_misc":{"Tiempo de lectura":"8 minutos"},"schema":{"@context":"https:\/\/schema.org","@graph":[{"@type":"WebPage","@id":"https:\/\/capacitacionkeila.com\/site\/nosotros\/","url":"https:\/\/capacitacionkeila.com\/site\/nosotros\/","name":"Centro Especializado en la Capacitaci\u00f3n y Certificaci\u00f3n","isPartOf":{"@id":"https:\/\/capacitacionkeila.com\/site\/#website"},"datePublished":"2019-01-08T19:00:11+00:00","dateModified":"2020-03-27T23:30:29+00:00","description":"CE Keila es un Centro Especializado en la Capacitaci\u00f3n y Certificaci\u00f3n del recurso humano y maquinar\u00eda, impartici\u00f3n de cursos.","breadcrumb":{"@id":"https:\/\/capacitacionkeila.com\/site\/nosotros\/#breadcrumb"},"inLanguage":"es","potentialAction":[{"@type":"ReadAction","target":["https:\/\/capacitacionkeila.com\/site\/nosotros\/"]}]},{"@type":"BreadcrumbList","@id":"https:\/\/capacitacionkeila.com\/site\/nosotros\/#breadcrumb","itemListElement":[{"@type":"ListItem","position":1,"name":"Portada","item":"https:\/\/capacitacionkeila.com\/site\/"},{"@type":"ListItem","position":2,"name":"Nosotros"}]},{"@type":"WebSite","@id":"https:\/\/capacitacionkeila.com\/site\/#website","url":"https:\/\/capacitacionkeila.com\/site\/","name":"CE Keila","description":"Cursos de Capacitaci\u00f3n","publisher":{"@id":"https:\/\/capacitacionkeila.com\/site\/#organization"},"potentialAction":[{"@type":"SearchAction","target":{"@type":"EntryPoint","urlTemplate":"https:\/\/capacitacionkeila.com\/site\/?s={search_term_string}"},"query-input":"required name=search_term_string"}],"inLanguage":"es"},{"@type":"Organization","@id":"https:\/\/capacitacionkeila.com\/site\/#organization","name":"Capacitacion Keila","url":"https:\/\/capacitacionkeila.com\/site\/","logo":{"@type":"ImageObject","inLanguage":"es","@id":"https:\/\/capacitacionkeila.com\/site\/#\/schema\/logo\/image\/","url":"https:\/\/capacitacionkeila.com\/site\/site\/wp-content\/uploads\/2020\/01\/Ce-Keila.Oficial-Sin-Fondo.png","contentUrl":"https:\/\/capacitacionkeila.com\/site\/site\/wp-content\/uploads\/2020\/01\/Ce-Keila.Oficial-Sin-Fondo.png","width":3300,"height":2550,"caption":"Capacitacion Keila"},"image":{"@id":"https:\/\/capacitacionkeila.com\/site\/#\/schema\/logo\/image\/"},"sameAs":["https:\/\/www.facebook.com\/CEKEILACUU\/","https:\/\/www.instagram.com\/ce_keila\/","https:\/\/www.linkedin.com\/company\/14844642\/admin\/"]}]}},"_links":{"self":[{"href":"https:\/\/capacitacionkeila.com\/site\/wp-json\/wp\/v2\/pages\/154"}],"collection":[{"href":"https:\/\/capacitacionkeila.com\/site\/wp-json\/wp\/v2\/pages"}],"about":[{"href":"https:\/\/capacitacionkeila.com\/site\/wp-json\/wp\/v2\/types\/page"}],"author":[{"embeddable":true,"href":"https:\/\/capacitacionkeila.com\/site\/wp-json\/wp\/v2\/users\/1"}],"replies":[{"embeddable":true,"href":"https:\/\/capacitacionkeila.com\/site\/wp-json\/wp\/v2\/comments?post=154"}],"version-history":[{"count":25,"href":"https:\/\/capacitacionkeila.com\/site\/wp-json\/wp\/v2\/pages\/154\/revisions"}],"predecessor-version":[{"id":1077,"href":"https:\/\/capacitacionkeila.com\/site\/wp-json\/wp\/v2\/pages\/154\/revisions\/1077"}],"wp:attachment":[{"href":"https:\/\/capacitacionkeila.com\/site\/wp-json\/wp\/v2\/media?parent=154"}],"curies":[{"name":"wp","href":"https:\/\/api.w.org\/{rel}","templated":true}]}}